{"id":305,"date":"2020-01-24T17:44:34","date_gmt":"2020-01-24T16:44:34","guid":{"rendered":"http:https:\/\/www.ride-west.ch\/?page_id=305"},"modified":"2025-11-04T20:58:35","modified_gmt":"2025-11-04T19:58:35","slug":"informations","status":"publish","type":"page","link":"https:\/\/www.ride-west.ch\/fr\/informations\/","title":{"rendered":"Infos"},"content":{"rendered":"\t\t<div data-elementor-type=\"wp-page\" data-elementor-id=\"305\" class=\"elementor elementor-305 elementor-51\" data-elementor-post-type=\"page\">\n\t\t\t\t\t\t<section class=\"elementor-section elementor-top-section elementor-element elementor-element-eebfceb elementor-section-boxed elementor-section-height-default elementor-section-height-default\" data-id=\"eebfceb\" data-element_type=\"section\" data-e-type=\"section\">\n\t\t\t\t\t\t<div class=\"elementor-container elementor-column-gap-default\">\n\t\t\t\t\t<div class=\"elementor-column elementor-col-100 elementor-top-column elementor-element elementor-element-65947a5\" data-id=\"65947a5\" data-element_type=\"column\" data-e-type=\"column\">\n\t\t\t<div class=\"elementor-widget-wrap elementor-element-populated\">\n\t\t\t\t\t\t<div class=\"elementor-element elementor-element-cbc1a28 elementor-widget elementor-widget-heading\" data-id=\"cbc1a28\" data-element_type=\"widget\" data-e-type=\"widget\" data-widget_type=\"heading.default\">\n\t\t\t\t<div class=\"elementor-widget-container\">\n\t\t\t\t\t<h2 class=\"elementor-heading-title elementor-size-default\">O\u00f9 se d\u00e9roule le festival ?<\/h2>\t\t\t\t<\/div>\n\t\t\t\t<\/div>\n\t\t\t\t<div class=\"elementor-element elementor-element-e4d4fff elementor-widget elementor-widget-google_maps\" data-id=\"e4d4fff\" data-element_type=\"widget\" data-e-type=\"widget\" data-widget_type=\"google_maps.default\">\n\t\t\t\t<div class=\"elementor-widget-container\">\n\t\t\t\t\t\t\t<div class=\"elementor-custom-embed\">\n\t\t\t<iframe loading=\"lazy\"\n\t\t\t\t\tsrc=\"https:\/\/maps.google.com\/maps?q=Chrommen%2030%2C%201715%20Alterswil&#038;t=m&#038;z=10&#038;output=embed&#038;iwloc=near\"\n\t\t\t\t\ttitle=\"Chrommen 30, 1715 Alterswil\"\n\t\t\t\t\taria-label=\"Chrommen 30, 1715 Alterswil\"\n\t\t\t><\/iframe>\n\t\t<\/div>\n\t\t\t\t\t\t<\/div>\n\t\t\t\t<\/div>\n\t\t\t\t<div class=\"elementor-element elementor-element-f5e70a8 elementor-widget elementor-widget-image\" data-id=\"f5e70a8\" data-element_type=\"widget\" data-e-type=\"widget\" data-widget_type=\"image.default\">\n\t\t\t\t<div class=\"elementor-widget-container\">\n\t\t\t\t\t\t\t\t\t\t\t\t\t\t\t<img decoding=\"async\" width=\"150\" height=\"150\" src=\"https:\/\/www.ride-west.ch\/wp-content\/uploads\/2024\/10\/QR-Maps-Ridewest-150x150.png\" class=\"attachment-thumbnail size-thumbnail wp-image-1672\" alt=\"\" srcset=\"https:\/\/www.ride-west.ch\/wp-content\/uploads\/2024\/10\/QR-Maps-Ridewest-150x150.png 150w, https:\/\/www.ride-west.ch\/wp-content\/uploads\/2024\/10\/QR-Maps-Ridewest-300x300.png 300w, https:\/\/www.ride-west.ch\/wp-content\/uploads\/2024\/10\/QR-Maps-Ridewest-768x768.png 768w, https:\/\/www.ride-west.ch\/wp-content\/uploads\/2024\/10\/QR-Maps-Ridewest.png 1000w\" sizes=\"(max-width: 150px) 100vw, 150px\" \/>\t\t\t\t\t\t\t\t\t\t\t\t\t\t\t<\/div>\n\t\t\t\t<\/div>\n\t\t\t\t\t<\/div>\n\t\t<\/div>\n\t\t\t\t\t<\/div>\n\t\t<\/section>\n\t\t\t\t<section class=\"elementor-section elementor-top-section elementor-element elementor-element-423c572 elementor-section-boxed elementor-section-height-default elementor-section-height-default\" data-id=\"423c572\" data-element_type=\"section\" data-e-type=\"section\">\n\t\t\t\t\t\t<div class=\"elementor-container elementor-column-gap-default\">\n\t\t\t\t\t<div class=\"elementor-column elementor-col-100 elementor-top-column elementor-element elementor-element-2094a0f\" data-id=\"2094a0f\" data-element_type=\"column\" data-e-type=\"column\">\n\t\t\t<div class=\"elementor-widget-wrap elementor-element-populated\">\n\t\t\t\t\t\t<div class=\"elementor-element elementor-element-3a0436b elementor-widget elementor-widget-heading\" data-id=\"3a0436b\" data-element_type=\"widget\" data-e-type=\"widget\" data-widget_type=\"heading.default\">\n\t\t\t\t<div class=\"elementor-widget-container\">\n\t\t\t\t\t<h2 class=\"elementor-heading-title elementor-size-default\">Acc\u00e8s &amp; Parking<\/h2>\t\t\t\t<\/div>\n\t\t\t\t<\/div>\n\t\t\t\t<div class=\"elementor-element elementor-element-da26ea0 elementor-widget elementor-widget-text-editor\" data-id=\"da26ea0\" data-element_type=\"widget\" data-e-type=\"widget\" data-widget_type=\"text-editor.default\">\n\t\t\t\t<div class=\"elementor-widget-container\">\n\t\t\t\t\t\t\t\t\t<p><span style=\"color: #000000;\">L&rsquo;\u00e9v\u00e9nement aura lieu cette ann\u00e9e encore dans un cadre familier, gr\u00e2ce \u00e0 la g\u00e9n\u00e9rosit\u00e9 de la famille Fasel, elle-m\u00eame passionn\u00e9e de cavalerie et de culture western.<\/span><\/p>\n<p><span style=\"color: #000000;\">Alterswil se trouve \u00e0 environ 30 km de Berne et \u00e0 10 km de Fribourg. Depuis l&rsquo;autoroute A12, prenez la sortie D\u00fcdingen et roulez pendant environ 9 km en direction de Tafers ou Schwarzee.<\/span><\/p>\n<p><span style=\"color: #000000;\">Le site comprend un grand parking offrant suffisamment de places. Les visiteurs qui souhaitent passer la nuit sur place peuvent garer leur van\/camping-car ou installer leur tente directement sur le terrain de camping.<\/span><\/p>\n\t\t\t\t\t\t\t\t<\/div>\n\t\t\t\t<\/div>\n\t\t\t\t\t<\/div>\n\t\t<\/div>\n\t\t\t\t\t<\/div>\n\t\t<\/section>\n\t\t\t\t<section class=\"elementor-section elementor-top-section elementor-element elementor-element-85d343e elementor-section-boxed elementor-section-height-default elementor-section-height-default\" data-id=\"85d343e\" data-element_type=\"section\" data-e-type=\"section\">\n\t\t\t\t\t\t<div class=\"elementor-container elementor-column-gap-default\">\n\t\t\t\t\t<div class=\"elementor-column elementor-col-100 elementor-top-column elementor-element elementor-element-de0175c\" data-id=\"de0175c\" data-element_type=\"column\" data-e-type=\"column\">\n\t\t\t<div class=\"elementor-widget-wrap elementor-element-populated\">\n\t\t\t\t\t\t<div class=\"elementor-element elementor-element-1b23668 elementor-widget elementor-widget-heading\" data-id=\"1b23668\" data-element_type=\"widget\" data-e-type=\"widget\" data-widget_type=\"heading.default\">\n\t\t\t\t<div class=\"elementor-widget-container\">\n\t\t\t\t\t<h2 class=\"elementor-heading-title elementor-size-default\">Camping<\/h2>\t\t\t\t<\/div>\n\t\t\t\t<\/div>\n\t\t\t\t<div class=\"elementor-element elementor-element-a5d326c elementor-widget elementor-widget-text-editor\" data-id=\"a5d326c\" data-element_type=\"widget\" data-e-type=\"widget\" data-widget_type=\"text-editor.default\">\n\t\t\t\t<div class=\"elementor-widget-container\">\n\t\t\t\t\t\t\t\t\t<p>Des installations sanitaires et un camping compl\u00e8tent l&rsquo;offre pour les visiteurs. La division des diff\u00e9rentes zones est clairement visible et le terrain de la foire est a\u00e9r\u00e9 et offre beaucoup d&rsquo;espace sans \u00eatre trop spacieux.<\/p>\n\t\t\t\t\t\t\t\t<\/div>\n\t\t\t\t<\/div>\n\t\t\t\t\t<\/div>\n\t\t<\/div>\n\t\t\t\t\t<\/div>\n\t\t<\/section>\n\t\t\t\t<section class=\"elementor-section elementor-top-section elementor-element elementor-element-e033583 elementor-section-boxed elementor-section-height-default elementor-section-height-default\" data-id=\"e033583\" data-element_type=\"section\" data-e-type=\"section\">\n\t\t\t\t\t\t<div class=\"elementor-container elementor-column-gap-default\">\n\t\t\t\t\t<div class=\"elementor-column elementor-col-100 elementor-top-column elementor-element elementor-element-53b4b66\" data-id=\"53b4b66\" data-element_type=\"column\" data-e-type=\"column\">\n\t\t\t<div class=\"elementor-widget-wrap elementor-element-populated\">\n\t\t\t\t\t\t<div class=\"elementor-element elementor-element-d9a1c6d elementor-widget elementor-widget-heading\" data-id=\"d9a1c6d\" data-element_type=\"widget\" data-e-type=\"widget\" data-widget_type=\"heading.default\">\n\t\t\t\t<div class=\"elementor-widget-container\">\n\t\t\t\t\t<h2 class=\"elementor-heading-title elementor-size-default\">Sc\u00e8ne et Line-Dance<\/h2>\t\t\t\t<\/div>\n\t\t\t\t<\/div>\n\t\t\t\t<div class=\"elementor-element elementor-element-3db24d6 elementor-widget elementor-widget-text-editor\" data-id=\"3db24d6\" data-element_type=\"widget\" data-e-type=\"widget\" data-widget_type=\"text-editor.default\">\n\t\t\t\t<div class=\"elementor-widget-container\">\n\t\t\t\t\t\t\t\t\t<p><span style=\"color: #000000;\">La grande sc\u00e8ne o\u00f9 se produisent les diff\u00e9rents groupes ainsi que la vaste piste de danse pour les adeptes\u00a0du line dance (danse typiquement am\u00e9ricaine sur de la musique country) constituent le c\u0153ur du site du festival. De grands chapiteaux offrent un abri en cas de pluie.<\/span><\/p>\n\t\t\t\t\t\t\t\t<\/div>\n\t\t\t\t<\/div>\n\t\t\t\t\t<\/div>\n\t\t<\/div>\n\t\t\t\t\t<\/div>\n\t\t<\/section>\n\t\t\t\t<section class=\"elementor-section elementor-top-section elementor-element elementor-element-75759b9 elementor-section-boxed elementor-section-height-default elementor-section-height-default\" data-id=\"75759b9\" data-element_type=\"section\" data-e-type=\"section\">\n\t\t\t\t\t\t<div class=\"elementor-container elementor-column-gap-default\">\n\t\t\t\t\t<div class=\"elementor-column elementor-col-100 elementor-top-column elementor-element elementor-element-87ae46e\" data-id=\"87ae46e\" data-element_type=\"column\" data-e-type=\"column\">\n\t\t\t<div class=\"elementor-widget-wrap elementor-element-populated\">\n\t\t\t\t\t\t<div class=\"elementor-element elementor-element-6ef60d3 elementor-widget elementor-widget-heading\" data-id=\"6ef60d3\" data-element_type=\"widget\" data-e-type=\"widget\" data-widget_type=\"heading.default\">\n\t\t\t\t<div class=\"elementor-widget-container\">\n\t\t\t\t\t<h2 class=\"elementor-heading-title elementor-size-default\">Restauration<\/h2>\t\t\t\t<\/div>\n\t\t\t\t<\/div>\n\t\t\t\t<div class=\"elementor-element elementor-element-cbcb3c4 elementor-widget elementor-widget-text-editor\" data-id=\"cbcb3c4\" data-element_type=\"widget\" data-e-type=\"widget\" data-widget_type=\"text-editor.default\">\n\t\t\t\t<div class=\"elementor-widget-container\">\n\t\t\t\t\t\t\t\t\t<span style=\"color: #000000;\">Des stands de nourriture, des bars et une s\u00e9rie de tables dress\u00e9es permettent de passer une journ\u00e9e agr\u00e9able aux invit\u00e9s.<\/span><br><br><span style=\"color: #000000;\">Le pique-nique est interdit sur le site du festival.<\/span>\t\t\t\t\t\t\t\t<\/div>\n\t\t\t\t<\/div>\n\t\t\t\t\t<\/div>\n\t\t<\/div>\n\t\t\t\t\t<\/div>\n\t\t<\/section>\n\t\t\t\t<\/div>\n\t\t","protected":false},"excerpt":{"rendered":"<p>O\u00f9 se d\u00e9roule le festival ? Acc\u00e8s &amp; Parking L&rsquo;\u00e9v\u00e9nement aura lieu cette ann\u00e9e encore dans un cadre familier, gr\u00e2ce \u00e0 la g\u00e9n\u00e9rosit\u00e9 de la famille Fasel, elle-m\u00eame passionn\u00e9e de cavalerie et de culture western. Alterswil se trouve \u00e0 environ 30 km de Berne et \u00e0 10 km de Fribourg. Depuis l&rsquo;autoroute A12, prenez la [&hellip;]<\/p>\n","protected":false},"author":1,"featured_media":0,"parent":0,"menu_order":0,"comment_status":"closed","ping_status":"closed","template":"elementor_header_footer","meta":{"footnotes":""},"class_list":["post-305","page","type-page","status-publish","hentry"],"yoast_head":"<!-- This site is optimized with the Yoast SEO plugin v26.6 - https:\/\/yoast.com\/wordpress\/plugins\/seo\/ -->\n<title>Infos - Ride West<\/title>\n<meta name=\"robots\" content=\"index, follow, max-snippet:-1, max-image-preview:large, max-video-preview:-1\" \/>\n<link rel=\"canonical\" href=\"https:\/\/www.ride-west.ch\/fr\/informations\/\" \/>\n<meta property=\"og:locale\" content=\"fr_FR\" \/>\n<meta property=\"og:type\" content=\"article\" \/>\n<meta property=\"og:title\" content=\"Infos - Ride West\" \/>\n<meta property=\"og:description\" content=\"O\u00f9 se d\u00e9roule le festival ? Acc\u00e8s &amp; Parking L&rsquo;\u00e9v\u00e9nement aura lieu cette ann\u00e9e encore dans un cadre familier, gr\u00e2ce \u00e0 la g\u00e9n\u00e9rosit\u00e9 de la famille Fasel, elle-m\u00eame passionn\u00e9e de cavalerie et de culture western. Alterswil se trouve \u00e0 environ 30 km de Berne et \u00e0 10 km de Fribourg. Depuis l&rsquo;autoroute A12, prenez la [&hellip;]\" \/>\n<meta property=\"og:url\" content=\"https:\/\/www.ride-west.ch\/fr\/informations\/\" \/>\n<meta property=\"og:site_name\" content=\"Ride West\" \/>\n<meta property=\"article:publisher\" content=\"https:\/\/www.facebook.com\/ridewestCH\/\" \/>\n<meta property=\"article:modified_time\" content=\"2025-11-04T19:58:35+00:00\" \/>\n<meta property=\"og:image\" content=\"https:\/\/www.ride-west.ch\/wp-content\/uploads\/2024\/10\/QR-Maps-Ridewest.png\" \/>\n\t<meta property=\"og:image:width\" content=\"1000\" \/>\n\t<meta property=\"og:image:height\" content=\"1000\" \/>\n\t<meta property=\"og:image:type\" content=\"image\/png\" \/>\n<meta name=\"twitter:card\" content=\"summary_large_image\" \/>\n<meta name=\"twitter:label1\" content=\"Dur\u00e9e de lecture estim\u00e9e\" \/>\n\t<meta name=\"twitter:data1\" content=\"1 minute\" \/>\n<script type=\"application\/ld+json\" class=\"yoast-schema-graph\">{\"@context\":\"https:\/\/schema.org\",\"@graph\":[{\"@type\":\"WebPage\",\"@id\":\"https:\/\/www.ride-west.ch\/fr\/informations\/\",\"url\":\"https:\/\/www.ride-west.ch\/fr\/informations\/\",\"name\":\"Infos - Ride West\",\"isPartOf\":{\"@id\":\"https:\/\/www.ride-west.ch\/fr\/#website\"},\"primaryImageOfPage\":{\"@id\":\"https:\/\/www.ride-west.ch\/fr\/informations\/#primaryimage\"},\"image\":{\"@id\":\"https:\/\/www.ride-west.ch\/fr\/informations\/#primaryimage\"},\"thumbnailUrl\":\"https:\/\/www.ride-west.ch\/wp-content\/uploads\/2024\/10\/QR-Maps-Ridewest-150x150.png\",\"datePublished\":\"2020-01-24T16:44:34+00:00\",\"dateModified\":\"2025-11-04T19:58:35+00:00\",\"breadcrumb\":{\"@id\":\"https:\/\/www.ride-west.ch\/fr\/informations\/#breadcrumb\"},\"inLanguage\":\"fr-FR\",\"potentialAction\":[{\"@type\":\"ReadAction\",\"target\":[\"https:\/\/www.ride-west.ch\/fr\/informations\/\"]}]},{\"@type\":\"ImageObject\",\"inLanguage\":\"fr-FR\",\"@id\":\"https:\/\/www.ride-west.ch\/fr\/informations\/#primaryimage\",\"url\":\"https:\/\/www.ride-west.ch\/wp-content\/uploads\/2024\/10\/QR-Maps-Ridewest-150x150.png\",\"contentUrl\":\"https:\/\/www.ride-west.ch\/wp-content\/uploads\/2024\/10\/QR-Maps-Ridewest-150x150.png\"},{\"@type\":\"BreadcrumbList\",\"@id\":\"https:\/\/www.ride-west.ch\/fr\/informations\/#breadcrumb\",\"itemListElement\":[{\"@type\":\"ListItem\",\"position\":1,\"name\":\"Startseite\",\"item\":\"https:\/\/www.ride-west.ch\/fr\/\"},{\"@type\":\"ListItem\",\"position\":2,\"name\":\"Infos\"}]},{\"@type\":\"WebSite\",\"@id\":\"https:\/\/www.ride-west.ch\/fr\/#website\",\"url\":\"https:\/\/www.ride-west.ch\/fr\/\",\"name\":\"Ride West\",\"description\":\"Horses and Country Music, Alterswil\",\"publisher\":{\"@id\":\"https:\/\/www.ride-west.ch\/fr\/#organization\"},\"potentialAction\":[{\"@type\":\"SearchAction\",\"target\":{\"@type\":\"EntryPoint\",\"urlTemplate\":\"https:\/\/www.ride-west.ch\/fr\/?s={search_term_string}\"},\"query-input\":{\"@type\":\"PropertyValueSpecification\",\"valueRequired\":true,\"valueName\":\"search_term_string\"}}],\"inLanguage\":\"fr-FR\"},{\"@type\":\"Organization\",\"@id\":\"https:\/\/www.ride-west.ch\/fr\/#organization\",\"name\":\"Ride West\",\"url\":\"https:\/\/www.ride-west.ch\/fr\/\",\"logo\":{\"@type\":\"ImageObject\",\"inLanguage\":\"fr-FR\",\"@id\":\"https:\/\/www.ride-west.ch\/fr\/#\/schema\/logo\/image\/\",\"url\":\"https:\/\/www.ride-west.ch\/wp-content\/uploads\/2019\/11\/logo_RW.png\",\"contentUrl\":\"https:\/\/www.ride-west.ch\/wp-content\/uploads\/2019\/11\/logo_RW.png\",\"width\":940,\"height\":364,\"caption\":\"Ride West\"},\"image\":{\"@id\":\"https:\/\/www.ride-west.ch\/fr\/#\/schema\/logo\/image\/\"},\"sameAs\":[\"https:\/\/www.facebook.com\/ridewestCH\/\",\"https:\/\/www.instagram.com\/ridewest_ch\/\"]}]}<\/script>\n<!-- \/ Yoast SEO plugin. -->","yoast_head_json":{"title":"Infos - Ride West","robots":{"index":"index","follow":"follow","max-snippet":"max-snippet:-1","max-image-preview":"max-image-preview:large","max-video-preview":"max-video-preview:-1"},"canonical":"https:\/\/www.ride-west.ch\/fr\/informations\/","og_locale":"fr_FR","og_type":"article","og_title":"Infos - Ride West","og_description":"O\u00f9 se d\u00e9roule le festival ? Acc\u00e8s &amp; Parking L&rsquo;\u00e9v\u00e9nement aura lieu cette ann\u00e9e encore dans un cadre familier, gr\u00e2ce \u00e0 la g\u00e9n\u00e9rosit\u00e9 de la famille Fasel, elle-m\u00eame passionn\u00e9e de cavalerie et de culture western. Alterswil se trouve \u00e0 environ 30 km de Berne et \u00e0 10 km de Fribourg. Depuis l&rsquo;autoroute A12, prenez la [&hellip;]","og_url":"https:\/\/www.ride-west.ch\/fr\/informations\/","og_site_name":"Ride West","article_publisher":"https:\/\/www.facebook.com\/ridewestCH\/","article_modified_time":"2025-11-04T19:58:35+00:00","og_image":[{"width":1000,"height":1000,"url":"https:\/\/www.ride-west.ch\/wp-content\/uploads\/2024\/10\/QR-Maps-Ridewest.png","type":"image\/png"}],"twitter_card":"summary_large_image","twitter_misc":{"Dur\u00e9e de lecture estim\u00e9e":"1 minute"},"schema":{"@context":"https:\/\/schema.org","@graph":[{"@type":"WebPage","@id":"https:\/\/www.ride-west.ch\/fr\/informations\/","url":"https:\/\/www.ride-west.ch\/fr\/informations\/","name":"Infos - Ride West","isPartOf":{"@id":"https:\/\/www.ride-west.ch\/fr\/#website"},"primaryImageOfPage":{"@id":"https:\/\/www.ride-west.ch\/fr\/informations\/#primaryimage"},"image":{"@id":"https:\/\/www.ride-west.ch\/fr\/informations\/#primaryimage"},"thumbnailUrl":"https:\/\/www.ride-west.ch\/wp-content\/uploads\/2024\/10\/QR-Maps-Ridewest-150x150.png","datePublished":"2020-01-24T16:44:34+00:00","dateModified":"2025-11-04T19:58:35+00:00","breadcrumb":{"@id":"https:\/\/www.ride-west.ch\/fr\/informations\/#breadcrumb"},"inLanguage":"fr-FR","potentialAction":[{"@type":"ReadAction","target":["https:\/\/www.ride-west.ch\/fr\/informations\/"]}]},{"@type":"ImageObject","inLanguage":"fr-FR","@id":"https:\/\/www.ride-west.ch\/fr\/informations\/#primaryimage","url":"https:\/\/www.ride-west.ch\/wp-content\/uploads\/2024\/10\/QR-Maps-Ridewest-150x150.png","contentUrl":"https:\/\/www.ride-west.ch\/wp-content\/uploads\/2024\/10\/QR-Maps-Ridewest-150x150.png"},{"@type":"BreadcrumbList","@id":"https:\/\/www.ride-west.ch\/fr\/informations\/#breadcrumb","itemListElement":[{"@type":"ListItem","position":1,"name":"Startseite","item":"https:\/\/www.ride-west.ch\/fr\/"},{"@type":"ListItem","position":2,"name":"Infos"}]},{"@type":"WebSite","@id":"https:\/\/www.ride-west.ch\/fr\/#website","url":"https:\/\/www.ride-west.ch\/fr\/","name":"Ride West","description":"Horses and Country Music, Alterswil","publisher":{"@id":"https:\/\/www.ride-west.ch\/fr\/#organization"},"potentialAction":[{"@type":"SearchAction","target":{"@type":"EntryPoint","urlTemplate":"https:\/\/www.ride-west.ch\/fr\/?s={search_term_string}"},"query-input":{"@type":"PropertyValueSpecification","valueRequired":true,"valueName":"search_term_string"}}],"inLanguage":"fr-FR"},{"@type":"Organization","@id":"https:\/\/www.ride-west.ch\/fr\/#organization","name":"Ride West","url":"https:\/\/www.ride-west.ch\/fr\/","logo":{"@type":"ImageObject","inLanguage":"fr-FR","@id":"https:\/\/www.ride-west.ch\/fr\/#\/schema\/logo\/image\/","url":"https:\/\/www.ride-west.ch\/wp-content\/uploads\/2019\/11\/logo_RW.png","contentUrl":"https:\/\/www.ride-west.ch\/wp-content\/uploads\/2019\/11\/logo_RW.png","width":940,"height":364,"caption":"Ride West"},"image":{"@id":"https:\/\/www.ride-west.ch\/fr\/#\/schema\/logo\/image\/"},"sameAs":["https:\/\/www.facebook.com\/ridewestCH\/","https:\/\/www.instagram.com\/ridewest_ch\/"]}]}},"_links":{"self":[{"href":"https:\/\/www.ride-west.ch\/fr\/wp-json\/wp\/v2\/pages\/305","targetHints":{"allow":["GET"]}}],"collection":[{"href":"https:\/\/www.ride-west.ch\/fr\/wp-json\/wp\/v2\/pages"}],"about":[{"href":"https:\/\/www.ride-west.ch\/fr\/wp-json\/wp\/v2\/types\/page"}],"author":[{"embeddable":true,"href":"https:\/\/www.ride-west.ch\/fr\/wp-json\/wp\/v2\/users\/1"}],"replies":[{"embeddable":true,"href":"https:\/\/www.ride-west.ch\/fr\/wp-json\/wp\/v2\/comments?post=305"}],"version-history":[{"count":16,"href":"https:\/\/www.ride-west.ch\/fr\/wp-json\/wp\/v2\/pages\/305\/revisions"}],"predecessor-version":[{"id":3198,"href":"https:\/\/www.ride-west.ch\/fr\/wp-json\/wp\/v2\/pages\/305\/revisions\/3198"}],"wp:attachment":[{"href":"https:\/\/www.ride-west.ch\/fr\/wp-json\/wp\/v2\/media?parent=305"}],"curies":[{"name":"wp","href":"https:\/\/api.w.org\/{rel}","templated":true}]}}