{"id":451,"date":"2020-03-08T15:36:46","date_gmt":"2020-03-08T14:36:46","guid":{"rendered":"http:https:\/\/www.ride-west.ch\/organisation\/"},"modified":"2025-03-16T19:30:05","modified_gmt":"2025-03-16T18:30:05","slug":"organisation","status":"publish","type":"page","link":"https:\/\/www.ride-west.ch\/fr\/organisation\/","title":{"rendered":"Organisation"},"content":{"rendered":"\t\t<div data-elementor-type=\"wp-page\" data-elementor-id=\"451\" class=\"elementor elementor-451 elementor-60\" data-elementor-post-type=\"page\">\n\t\t\t\t\t\t<section class=\"elementor-section elementor-top-section elementor-element elementor-element-06f6762 elementor-section-boxed elementor-section-height-default elementor-section-height-default\" data-id=\"06f6762\" data-element_type=\"section\" data-e-type=\"section\">\n\t\t\t\t\t\t<div class=\"elementor-container elementor-column-gap-default\">\n\t\t\t\t\t<div class=\"elementor-column elementor-col-100 elementor-top-column elementor-element elementor-element-cb1ddfb\" data-id=\"cb1ddfb\" data-element_type=\"column\" data-e-type=\"column\">\n\t\t\t<div class=\"elementor-widget-wrap elementor-element-populated\">\n\t\t\t\t\t\t<div class=\"elementor-element elementor-element-3f149e6 elementor-widget elementor-widget-spacer\" data-id=\"3f149e6\" data-element_type=\"widget\" data-e-type=\"widget\" data-widget_type=\"spacer.default\">\n\t\t\t\t<div class=\"elementor-widget-container\">\n\t\t\t\t\t\t\t<div class=\"elementor-spacer\">\n\t\t\t<div class=\"elementor-spacer-inner\"><\/div>\n\t\t<\/div>\n\t\t\t\t\t\t<\/div>\n\t\t\t\t<\/div>\n\t\t\t\t\t<\/div>\n\t\t<\/div>\n\t\t\t\t\t<\/div>\n\t\t<\/section>\n\t\t\t\t<section class=\"elementor-section elementor-top-section elementor-element elementor-element-fb68407 elementor-section-boxed elementor-section-height-default elementor-section-height-default\" data-id=\"fb68407\" data-element_type=\"section\" data-e-type=\"section\">\n\t\t\t\t\t\t<div class=\"elementor-container elementor-column-gap-default\">\n\t\t\t\t\t<div class=\"elementor-column elementor-col-33 elementor-top-column elementor-element elementor-element-675399d\" data-id=\"675399d\" data-element_type=\"column\" data-e-type=\"column\">\n\t\t\t<div class=\"elementor-widget-wrap elementor-element-populated\">\n\t\t\t\t\t\t<div class=\"elementor-element elementor-element-75c494b elementor-widget elementor-widget-text-editor\" data-id=\"75c494b\" data-element_type=\"widget\" data-e-type=\"widget\" data-widget_type=\"text-editor.default\">\n\t\t\t\t<div class=\"elementor-widget-container\">\n\t\t\t\t\t\t\t\t\t<p><strong><span style=\"color: #000000;\">Nos sponsors<\/span><\/strong><\/p>\n\t\t\t\t\t\t\t\t<\/div>\n\t\t\t\t<\/div>\n\t\t\t\t<div class=\"elementor-element elementor-element-4a8edb0 elementor-widget elementor-widget-text-editor\" data-id=\"4a8edb0\" data-element_type=\"widget\" data-e-type=\"widget\" data-widget_type=\"text-editor.default\">\n\t\t\t\t<div class=\"elementor-widget-container\">\n\t\t\t\t\t\t\t\t\t<p><span style=\"color: #000000;\">Un grand merci \u00e0 nos sponsors et partenaires pour leur g\u00e9n\u00e9reux soutien<\/span><\/p>\n\t\t\t\t\t\t\t\t<\/div>\n\t\t\t\t<\/div>\n\t\t\t\t<div class=\"elementor-element elementor-element-37f18c0 elementor-align-center elementor-widget elementor-widget-button\" data-id=\"37f18c0\" data-element_type=\"widget\" data-e-type=\"widget\" data-widget_type=\"button.default\">\n\t\t\t\t<div class=\"elementor-widget-container\">\n\t\t\t\t\t\t\t\t\t<div class=\"elementor-button-wrapper\">\n\t\t\t\t\t<a class=\"elementor-button elementor-button-link elementor-size-md\" href=\"https:\/\/www.ride-west.ch\/fr\/organisation\/sponsors-partenaires\/\">\n\t\t\t\t\t\t<span class=\"elementor-button-content-wrapper\">\n\t\t\t\t\t\t\t\t\t<span class=\"elementor-button-text\">Nos sponsors<\/span>\n\t\t\t\t\t<\/span>\n\t\t\t\t\t<\/a>\n\t\t\t\t<\/div>\n\t\t\t\t\t\t\t\t<\/div>\n\t\t\t\t<\/div>\n\t\t\t\t\t<\/div>\n\t\t<\/div>\n\t\t\t\t<div class=\"elementor-column elementor-col-33 elementor-top-column elementor-element elementor-element-132c3d5\" data-id=\"132c3d5\" data-element_type=\"column\" data-e-type=\"column\">\n\t\t\t<div class=\"elementor-widget-wrap elementor-element-populated\">\n\t\t\t\t\t\t<div class=\"elementor-element elementor-element-3e6dac2 elementor-widget elementor-widget-text-editor\" data-id=\"3e6dac2\" data-element_type=\"widget\" data-e-type=\"widget\" data-widget_type=\"text-editor.default\">\n\t\t\t\t<div class=\"elementor-widget-container\">\n\t\t\t\t\t\t\t\t\t<p><strong><span style=\"color: #000000;\">A propos de nous<\/span><\/strong><\/p>\n\t\t\t\t\t\t\t\t<\/div>\n\t\t\t\t<\/div>\n\t\t\t\t<div class=\"elementor-element elementor-element-5716fc1 elementor-widget elementor-widget-text-editor\" data-id=\"5716fc1\" data-element_type=\"widget\" data-e-type=\"widget\" data-widget_type=\"text-editor.default\">\n\t\t\t\t<div class=\"elementor-widget-container\">\n\t\t\t\t\t\t\t\t\t<p><span style=\"color: #000000;\">Pr\u00e9sentation de l&rsquo;association et de son comit\u00e9 d&rsquo;organisation<\/span><\/p>\n\t\t\t\t\t\t\t\t<\/div>\n\t\t\t\t<\/div>\n\t\t\t\t<div class=\"elementor-element elementor-element-b0bdb99 elementor-align-center elementor-widget elementor-widget-button\" data-id=\"b0bdb99\" data-element_type=\"widget\" data-e-type=\"widget\" data-widget_type=\"button.default\">\n\t\t\t\t<div class=\"elementor-widget-container\">\n\t\t\t\t\t\t\t\t\t<div class=\"elementor-button-wrapper\">\n\t\t\t\t\t<a class=\"elementor-button elementor-button-link elementor-size-md\" href=\"https:\/\/www.ride-west.ch\/fr\/organisation\/association-comite\/\">\n\t\t\t\t\t\t<span class=\"elementor-button-content-wrapper\">\n\t\t\t\t\t\t\t\t\t<span class=\"elementor-button-text\">A propos de nous<\/span>\n\t\t\t\t\t<\/span>\n\t\t\t\t\t<\/a>\n\t\t\t\t<\/div>\n\t\t\t\t\t\t\t\t<\/div>\n\t\t\t\t<\/div>\n\t\t\t\t\t<\/div>\n\t\t<\/div>\n\t\t\t\t<div class=\"elementor-column elementor-col-33 elementor-top-column elementor-element elementor-element-d5f4d94\" data-id=\"d5f4d94\" data-element_type=\"column\" data-e-type=\"column\">\n\t\t\t<div class=\"elementor-widget-wrap elementor-element-populated\">\n\t\t\t\t\t\t<div class=\"elementor-element elementor-element-4c8e9fd elementor-widget elementor-widget-text-editor\" data-id=\"4c8e9fd\" data-element_type=\"widget\" data-e-type=\"widget\" data-widget_type=\"text-editor.default\">\n\t\t\t\t<div class=\"elementor-widget-container\">\n\t\t\t\t\t\t\t\t\t<p><strong><span style=\"color: #000000;\">Media<\/span><\/strong><\/p>\n\t\t\t\t\t\t\t\t<\/div>\n\t\t\t\t<\/div>\n\t\t\t\t<div class=\"elementor-element elementor-element-adf99d7 elementor-widget elementor-widget-text-editor\" data-id=\"adf99d7\" data-element_type=\"widget\" data-e-type=\"widget\" data-widget_type=\"text-editor.default\">\n\t\t\t\t<div class=\"elementor-widget-container\">\n\t\t\t\t\t\t\t\t\t<p><span style=\"color: #000000;\">Pour toute demande de mat\u00e9riel digital ou d&rsquo;informations compl\u00e9mentaires ou pour prendre rendez-vous<\/span><\/p>\n\t\t\t\t\t\t\t\t<\/div>\n\t\t\t\t<\/div>\n\t\t\t\t<div class=\"elementor-element elementor-element-9126130 elementor-align-center elementor-widget elementor-widget-button\" data-id=\"9126130\" data-element_type=\"widget\" data-e-type=\"widget\" data-widget_type=\"button.default\">\n\t\t\t\t<div class=\"elementor-widget-container\">\n\t\t\t\t\t\t\t\t\t<div class=\"elementor-button-wrapper\">\n\t\t\t\t\t<a class=\"elementor-button elementor-button-link elementor-size-md\" href=\"https:\/\/www.ride-west.ch\/fr\/organisation\/medias\/\">\n\t\t\t\t\t\t<span class=\"elementor-button-content-wrapper\">\n\t\t\t\t\t\t\t\t\t<span class=\"elementor-button-text\">Medias<\/span>\n\t\t\t\t\t<\/span>\n\t\t\t\t\t<\/a>\n\t\t\t\t<\/div>\n\t\t\t\t\t\t\t\t<\/div>\n\t\t\t\t<\/div>\n\t\t\t\t\t<\/div>\n\t\t<\/div>\n\t\t\t\t\t<\/div>\n\t\t<\/section>\n\t\t\t\t<section class=\"elementor-section elementor-top-section elementor-element elementor-element-5be06fd elementor-section-boxed elementor-section-height-default elementor-section-height-default\" data-id=\"5be06fd\" data-element_type=\"section\" data-e-type=\"section\">\n\t\t\t\t\t\t<div class=\"elementor-container elementor-column-gap-default\">\n\t\t\t\t\t<div class=\"elementor-column elementor-col-100 elementor-top-column elementor-element elementor-element-d002a3a\" data-id=\"d002a3a\" data-element_type=\"column\" data-e-type=\"column\">\n\t\t\t<div class=\"elementor-widget-wrap elementor-element-populated\">\n\t\t\t\t\t\t<div class=\"elementor-element elementor-element-649ed1d elementor-widget elementor-widget-spacer\" data-id=\"649ed1d\" data-element_type=\"widget\" data-e-type=\"widget\" data-widget_type=\"spacer.default\">\n\t\t\t\t<div class=\"elementor-widget-container\">\n\t\t\t\t\t\t\t<div class=\"elementor-spacer\">\n\t\t\t<div class=\"elementor-spacer-inner\"><\/div>\n\t\t<\/div>\n\t\t\t\t\t\t<\/div>\n\t\t\t\t<\/div>\n\t\t\t\t\t<\/div>\n\t\t<\/div>\n\t\t\t\t\t<\/div>\n\t\t<\/section>\n\t\t\t\t<\/div>\n\t\t","protected":false},"excerpt":{"rendered":"<p>Nos sponsors Un grand merci \u00e0 nos sponsors et partenaires pour leur g\u00e9n\u00e9reux soutien Nos sponsors A propos de nous Pr\u00e9sentation de l&rsquo;association et de son comit\u00e9 d&rsquo;organisation A propos de nous Media Pour toute demande de mat\u00e9riel digital ou d&rsquo;informations compl\u00e9mentaires ou pour prendre rendez-vous Medias<\/p>\n","protected":false},"author":1,"featured_media":0,"parent":0,"menu_order":0,"comment_status":"closed","ping_status":"closed","template":"elementor_header_footer","meta":{"footnotes":""},"class_list":["post-451","page","type-page","status-publish","hentry"],"yoast_head":"<!-- This site is optimized with the Yoast SEO plugin v26.6 - https:\/\/yoast.com\/wordpress\/plugins\/seo\/ -->\n<title>Organisation - Ride West<\/title>\n<meta name=\"robots\" content=\"index, follow, max-snippet:-1, max-image-preview:large, max-video-preview:-1\" \/>\n<link rel=\"canonical\" href=\"https:\/\/www.ride-west.ch\/fr\/organisation\/\" \/>\n<meta property=\"og:locale\" content=\"fr_FR\" \/>\n<meta property=\"og:type\" content=\"article\" \/>\n<meta property=\"og:title\" content=\"Organisation - Ride West\" \/>\n<meta property=\"og:description\" content=\"Nos sponsors Un grand merci \u00e0 nos sponsors et partenaires pour leur g\u00e9n\u00e9reux soutien Nos sponsors A propos de nous Pr\u00e9sentation de l&rsquo;association et de son comit\u00e9 d&rsquo;organisation A propos de nous Media Pour toute demande de mat\u00e9riel digital ou d&rsquo;informations compl\u00e9mentaires ou pour prendre rendez-vous Medias\" \/>\n<meta property=\"og:url\" content=\"https:\/\/www.ride-west.ch\/fr\/organisation\/\" \/>\n<meta property=\"og:site_name\" content=\"Ride West\" \/>\n<meta property=\"article:publisher\" content=\"https:\/\/www.facebook.com\/ridewestCH\/\" \/>\n<meta property=\"article:modified_time\" content=\"2025-03-16T18:30:05+00:00\" \/>\n<meta name=\"twitter:card\" content=\"summary_large_image\" \/>\n<script type=\"application\/ld+json\" class=\"yoast-schema-graph\">{\"@context\":\"https:\/\/schema.org\",\"@graph\":[{\"@type\":\"WebPage\",\"@id\":\"https:\/\/www.ride-west.ch\/fr\/organisation\/\",\"url\":\"https:\/\/www.ride-west.ch\/fr\/organisation\/\",\"name\":\"Organisation - Ride West\",\"isPartOf\":{\"@id\":\"https:\/\/www.ride-west.ch\/fr\/#website\"},\"datePublished\":\"2020-03-08T14:36:46+00:00\",\"dateModified\":\"2025-03-16T18:30:05+00:00\",\"breadcrumb\":{\"@id\":\"https:\/\/www.ride-west.ch\/fr\/organisation\/#breadcrumb\"},\"inLanguage\":\"fr-FR\",\"potentialAction\":[{\"@type\":\"ReadAction\",\"target\":[\"https:\/\/www.ride-west.ch\/fr\/organisation\/\"]}]},{\"@type\":\"BreadcrumbList\",\"@id\":\"https:\/\/www.ride-west.ch\/fr\/organisation\/#breadcrumb\",\"itemListElement\":[{\"@type\":\"ListItem\",\"position\":1,\"name\":\"Startseite\",\"item\":\"https:\/\/www.ride-west.ch\/fr\/\"},{\"@type\":\"ListItem\",\"position\":2,\"name\":\"Organisation\"}]},{\"@type\":\"WebSite\",\"@id\":\"https:\/\/www.ride-west.ch\/fr\/#website\",\"url\":\"https:\/\/www.ride-west.ch\/fr\/\",\"name\":\"Ride West\",\"description\":\"Horses and Country Music, Alterswil\",\"publisher\":{\"@id\":\"https:\/\/www.ride-west.ch\/fr\/#organization\"},\"potentialAction\":[{\"@type\":\"SearchAction\",\"target\":{\"@type\":\"EntryPoint\",\"urlTemplate\":\"https:\/\/www.ride-west.ch\/fr\/?s={search_term_string}\"},\"query-input\":{\"@type\":\"PropertyValueSpecification\",\"valueRequired\":true,\"valueName\":\"search_term_string\"}}],\"inLanguage\":\"fr-FR\"},{\"@type\":\"Organization\",\"@id\":\"https:\/\/www.ride-west.ch\/fr\/#organization\",\"name\":\"Ride West\",\"url\":\"https:\/\/www.ride-west.ch\/fr\/\",\"logo\":{\"@type\":\"ImageObject\",\"inLanguage\":\"fr-FR\",\"@id\":\"https:\/\/www.ride-west.ch\/fr\/#\/schema\/logo\/image\/\",\"url\":\"https:\/\/www.ride-west.ch\/wp-content\/uploads\/2019\/11\/logo_RW.png\",\"contentUrl\":\"https:\/\/www.ride-west.ch\/wp-content\/uploads\/2019\/11\/logo_RW.png\",\"width\":940,\"height\":364,\"caption\":\"Ride West\"},\"image\":{\"@id\":\"https:\/\/www.ride-west.ch\/fr\/#\/schema\/logo\/image\/\"},\"sameAs\":[\"https:\/\/www.facebook.com\/ridewestCH\/\",\"https:\/\/www.instagram.com\/ridewest_ch\/\"]}]}<\/script>\n<!-- \/ Yoast SEO plugin. -->","yoast_head_json":{"title":"Organisation - Ride West","robots":{"index":"index","follow":"follow","max-snippet":"max-snippet:-1","max-image-preview":"max-image-preview:large","max-video-preview":"max-video-preview:-1"},"canonical":"https:\/\/www.ride-west.ch\/fr\/organisation\/","og_locale":"fr_FR","og_type":"article","og_title":"Organisation - Ride West","og_description":"Nos sponsors Un grand merci \u00e0 nos sponsors et partenaires pour leur g\u00e9n\u00e9reux soutien Nos sponsors A propos de nous Pr\u00e9sentation de l&rsquo;association et de son comit\u00e9 d&rsquo;organisation A propos de nous Media Pour toute demande de mat\u00e9riel digital ou d&rsquo;informations compl\u00e9mentaires ou pour prendre rendez-vous Medias","og_url":"https:\/\/www.ride-west.ch\/fr\/organisation\/","og_site_name":"Ride West","article_publisher":"https:\/\/www.facebook.com\/ridewestCH\/","article_modified_time":"2025-03-16T18:30:05+00:00","twitter_card":"summary_large_image","schema":{"@context":"https:\/\/schema.org","@graph":[{"@type":"WebPage","@id":"https:\/\/www.ride-west.ch\/fr\/organisation\/","url":"https:\/\/www.ride-west.ch\/fr\/organisation\/","name":"Organisation - Ride West","isPartOf":{"@id":"https:\/\/www.ride-west.ch\/fr\/#website"},"datePublished":"2020-03-08T14:36:46+00:00","dateModified":"2025-03-16T18:30:05+00:00","breadcrumb":{"@id":"https:\/\/www.ride-west.ch\/fr\/organisation\/#breadcrumb"},"inLanguage":"fr-FR","potentialAction":[{"@type":"ReadAction","target":["https:\/\/www.ride-west.ch\/fr\/organisation\/"]}]},{"@type":"BreadcrumbList","@id":"https:\/\/www.ride-west.ch\/fr\/organisation\/#breadcrumb","itemListElement":[{"@type":"ListItem","position":1,"name":"Startseite","item":"https:\/\/www.ride-west.ch\/fr\/"},{"@type":"ListItem","position":2,"name":"Organisation"}]},{"@type":"WebSite","@id":"https:\/\/www.ride-west.ch\/fr\/#website","url":"https:\/\/www.ride-west.ch\/fr\/","name":"Ride West","description":"Horses and Country Music, Alterswil","publisher":{"@id":"https:\/\/www.ride-west.ch\/fr\/#organization"},"potentialAction":[{"@type":"SearchAction","target":{"@type":"EntryPoint","urlTemplate":"https:\/\/www.ride-west.ch\/fr\/?s={search_term_string}"},"query-input":{"@type":"PropertyValueSpecification","valueRequired":true,"valueName":"search_term_string"}}],"inLanguage":"fr-FR"},{"@type":"Organization","@id":"https:\/\/www.ride-west.ch\/fr\/#organization","name":"Ride West","url":"https:\/\/www.ride-west.ch\/fr\/","logo":{"@type":"ImageObject","inLanguage":"fr-FR","@id":"https:\/\/www.ride-west.ch\/fr\/#\/schema\/logo\/image\/","url":"https:\/\/www.ride-west.ch\/wp-content\/uploads\/2019\/11\/logo_RW.png","contentUrl":"https:\/\/www.ride-west.ch\/wp-content\/uploads\/2019\/11\/logo_RW.png","width":940,"height":364,"caption":"Ride West"},"image":{"@id":"https:\/\/www.ride-west.ch\/fr\/#\/schema\/logo\/image\/"},"sameAs":["https:\/\/www.facebook.com\/ridewestCH\/","https:\/\/www.instagram.com\/ridewest_ch\/"]}]}},"_links":{"self":[{"href":"https:\/\/www.ride-west.ch\/fr\/wp-json\/wp\/v2\/pages\/451","targetHints":{"allow":["GET"]}}],"collection":[{"href":"https:\/\/www.ride-west.ch\/fr\/wp-json\/wp\/v2\/pages"}],"about":[{"href":"https:\/\/www.ride-west.ch\/fr\/wp-json\/wp\/v2\/types\/page"}],"author":[{"embeddable":true,"href":"https:\/\/www.ride-west.ch\/fr\/wp-json\/wp\/v2\/users\/1"}],"replies":[{"embeddable":true,"href":"https:\/\/www.ride-west.ch\/fr\/wp-json\/wp\/v2\/comments?post=451"}],"version-history":[{"count":6,"href":"https:\/\/www.ride-west.ch\/fr\/wp-json\/wp\/v2\/pages\/451\/revisions"}],"predecessor-version":[{"id":2089,"href":"https:\/\/www.ride-west.ch\/fr\/wp-json\/wp\/v2\/pages\/451\/revisions\/2089"}],"wp:attachment":[{"href":"https:\/\/www.ride-west.ch\/fr\/wp-json\/wp\/v2\/media?parent=451"}],"curies":[{"name":"wp","href":"https:\/\/api.w.org\/{rel}","templated":true}]}}