{"id":497,"date":"2020-03-08T16:10:28","date_gmt":"2020-03-08T15:10:28","guid":{"rendered":"http:https:\/\/www.ride-west.ch\/programme\/rallye\/"},"modified":"2025-06-08T10:22:25","modified_gmt":"2025-06-08T08:22:25","slug":"balade-gourmande","status":"publish","type":"page","link":"https:\/\/www.ride-west.ch\/fr\/programme\/balade-gourmande\/","title":{"rendered":"Horse Games"},"content":{"rendered":"\t\t<div data-elementor-type=\"wp-page\" data-elementor-id=\"497\" class=\"elementor elementor-497 elementor-76\" data-elementor-post-type=\"page\">\n\t\t\t\t\t\t<section class=\"elementor-section elementor-top-section elementor-element elementor-element-85459ce elementor-section-boxed elementor-section-height-default elementor-section-height-default\" data-id=\"85459ce\" data-element_type=\"section\" data-e-type=\"section\">\n\t\t\t\t\t\t<div class=\"elementor-container elementor-column-gap-default\">\n\t\t\t\t\t<div class=\"elementor-column elementor-col-100 elementor-top-column elementor-element elementor-element-8dbfcb6\" data-id=\"8dbfcb6\" data-element_type=\"column\" data-e-type=\"column\">\n\t\t\t<div class=\"elementor-widget-wrap elementor-element-populated\">\n\t\t\t\t\t\t<div class=\"elementor-element elementor-element-e5ad6a2 elementor-widget elementor-widget-heading\" data-id=\"e5ad6a2\" data-element_type=\"widget\" data-e-type=\"widget\" data-widget_type=\"heading.default\">\n\t\t\t\t<div class=\"elementor-widget-container\">\n\t\t\t\t\t<h1 class=\"elementor-heading-title elementor-size-default\">Horse Games<\/h1>\t\t\t\t<\/div>\n\t\t\t\t<\/div>\n\t\t\t\t<div class=\"elementor-element elementor-element-f2b0ebd elementor-widget elementor-widget-spacer\" data-id=\"f2b0ebd\" data-element_type=\"widget\" data-e-type=\"widget\" data-widget_type=\"spacer.default\">\n\t\t\t\t<div class=\"elementor-widget-container\">\n\t\t\t\t\t\t\t<div class=\"elementor-spacer\">\n\t\t\t<div class=\"elementor-spacer-inner\"><\/div>\n\t\t<\/div>\n\t\t\t\t\t\t<\/div>\n\t\t\t\t<\/div>\n\t\t\t\t<div class=\"elementor-element elementor-element-51e84c2 elementor-widget elementor-widget-text-editor\" data-id=\"51e84c2\" data-element_type=\"widget\" data-e-type=\"widget\" data-widget_type=\"text-editor.default\">\n\t\t\t\t<div class=\"elementor-widget-container\">\n\t\t\t\t\t\t\t\t\t<p>Une aventure pour l&rsquo;homme et le cheval. Les \u00e9preuves de gymkhana commencent \u00e0 10 heures. Plusieurs manches auront lieu dans diff\u00e9rents groupes. Les enfants sont \u00e9galement les bienvenus pour participer ! Des informations sur l&rsquo;inscription suivront.<\/p>\n\t\t\t\t\t\t\t\t<\/div>\n\t\t\t\t<\/div>\n\t\t\t\t<div class=\"elementor-element elementor-element-de0cafd elementor-widget elementor-widget-text-editor\" data-id=\"de0cafd\" data-element_type=\"widget\" data-e-type=\"widget\" data-widget_type=\"text-editor.default\">\n\t\t\t\t<div class=\"elementor-widget-container\">\n\t\t\t\t\t\t\t\t\t<p style=\"text-align: left;\">Cliquez ici pour vous inscrire:<\/p>\n\t\t\t\t\t\t\t\t<\/div>\n\t\t\t\t<\/div>\n\t\t\t\t\t<\/div>\n\t\t<\/div>\n\t\t\t\t\t<\/div>\n\t\t<\/section>\n\t\t\t\t<section class=\"elementor-section elementor-top-section elementor-element elementor-element-fab473f elementor-section-boxed elementor-section-height-default elementor-section-height-default\" data-id=\"fab473f\" data-element_type=\"section\" data-e-type=\"section\">\n\t\t\t\t\t\t<div class=\"elementor-container elementor-column-gap-default\">\n\t\t\t\t\t<div class=\"elementor-column elementor-col-50 elementor-top-column elementor-element elementor-element-2e44c1b\" data-id=\"2e44c1b\" data-element_type=\"column\" data-e-type=\"column\">\n\t\t\t<div class=\"elementor-widget-wrap elementor-element-populated\">\n\t\t\t\t\t\t<div class=\"elementor-element elementor-element-edf27ab elementor-widget elementor-widget-shortcode\" data-id=\"edf27ab\" data-element_type=\"widget\" data-e-type=\"widget\" data-widget_type=\"shortcode.default\">\n\t\t\t\t<div class=\"elementor-widget-container\">\n\t\t\t\t\t\t\t<div class=\"elementor-shortcode\"><a  data-e-Disable-Page-Transition=\"true\" class=\"download-link\" title=\"\" href=\"https:\/\/www.ride-west.ch\/fr\/download\/2391\/?tmstv=1776207422\" rel=\"nofollow\" id=\"download-link-2391\" data-redirect=\"false\" >\n\tAusschreibung Horse Games Ride West 2025\t(529 t\u00e9l\u00e9chargements\t)\n<\/a>\n<\/div>\n\t\t\t\t\t\t<\/div>\n\t\t\t\t<\/div>\n\t\t\t\t\t<\/div>\n\t\t<\/div>\n\t\t\t\t<div class=\"elementor-column elementor-col-50 elementor-top-column elementor-element elementor-element-f2a2a6f\" data-id=\"f2a2a6f\" data-element_type=\"column\" data-e-type=\"column\">\n\t\t\t<div class=\"elementor-widget-wrap elementor-element-populated\">\n\t\t\t\t\t\t<div class=\"elementor-element elementor-element-6990c68 elementor-widget elementor-widget-shortcode\" data-id=\"6990c68\" data-element_type=\"widget\" data-e-type=\"widget\" data-widget_type=\"shortcode.default\">\n\t\t\t\t<div class=\"elementor-widget-container\">\n\t\t\t\t\t\t\t<div class=\"elementor-shortcode\"><a  data-e-Disable-Page-Transition=\"true\" class=\"download-link\" title=\"\" href=\"https:\/\/www.ride-west.ch\/fr\/download\/2395\/?tmstv=1776207422\" rel=\"nofollow\" id=\"download-link-2395\" data-redirect=\"false\" >\n\tAnmeldeformular Horse Games Ride West 2025\t(501 t\u00e9l\u00e9chargements\t)\n<\/a>\n<\/div>\n\t\t\t\t\t\t<\/div>\n\t\t\t\t<\/div>\n\t\t\t\t\t<\/div>\n\t\t<\/div>\n\t\t\t\t\t<\/div>\n\t\t<\/section>\n\t\t\t\t<section class=\"elementor-section elementor-top-section elementor-element elementor-element-4dfcb20 elementor-section-boxed elementor-section-height-default elementor-section-height-default\" data-id=\"4dfcb20\" data-element_type=\"section\" data-e-type=\"section\">\n\t\t\t\t\t\t<div class=\"elementor-container elementor-column-gap-default\">\n\t\t\t\t\t<div class=\"elementor-column elementor-col-100 elementor-top-column elementor-element elementor-element-53ee757\" data-id=\"53ee757\" data-element_type=\"column\" data-e-type=\"column\">\n\t\t\t<div class=\"elementor-widget-wrap elementor-element-populated\">\n\t\t\t\t\t\t<div class=\"elementor-element elementor-element-eca9f6e elementor-widget elementor-widget-spacer\" data-id=\"eca9f6e\" data-element_type=\"widget\" data-e-type=\"widget\" data-widget_type=\"spacer.default\">\n\t\t\t\t<div class=\"elementor-widget-container\">\n\t\t\t\t\t\t\t<div class=\"elementor-spacer\">\n\t\t\t<div class=\"elementor-spacer-inner\"><\/div>\n\t\t<\/div>\n\t\t\t\t\t\t<\/div>\n\t\t\t\t<\/div>\n\t\t\t\t<div class=\"elementor-element elementor-element-af2b805 elementor-widget elementor-widget-image\" data-id=\"af2b805\" data-element_type=\"widget\" data-e-type=\"widget\" data-widget_type=\"image.default\">\n\t\t\t\t<div class=\"elementor-widget-container\">\n\t\t\t\t\t\t\t\t\t\t\t\t\t\t\t<img fetchpriority=\"high\" decoding=\"async\" width=\"768\" height=\"513\" src=\"https:\/\/www.ride-west.ch\/wp-content\/uploads\/2022\/11\/Bild-89-768x513.jpg\" class=\"attachment-medium_large size-medium_large wp-image-987\" alt=\"\" srcset=\"https:\/\/www.ride-west.ch\/wp-content\/uploads\/2022\/11\/Bild-89-768x513.jpg 768w, https:\/\/www.ride-west.ch\/wp-content\/uploads\/2022\/11\/Bild-89-300x200.jpg 300w, https:\/\/www.ride-west.ch\/wp-content\/uploads\/2022\/11\/Bild-89-1024x684.jpg 1024w\" sizes=\"(max-width: 768px) 100vw, 768px\" \/>\t\t\t\t\t\t\t\t\t\t\t\t\t\t\t<\/div>\n\t\t\t\t<\/div>\n\t\t\t\t\t<\/div>\n\t\t<\/div>\n\t\t\t\t\t<\/div>\n\t\t<\/section>\n\t\t\t\t<\/div>\n\t\t","protected":false},"excerpt":{"rendered":"<p>Horse Games Une aventure pour l&rsquo;homme et le cheval. Les \u00e9preuves de gymkhana commencent \u00e0 10 heures. Plusieurs manches auront lieu dans diff\u00e9rents groupes. Les enfants sont \u00e9galement les bienvenus pour participer ! Des informations sur l&rsquo;inscription suivront. Cliquez ici pour vous inscrire:<\/p>\n","protected":false},"author":1,"featured_media":0,"parent":293,"menu_order":0,"comment_status":"closed","ping_status":"closed","template":"elementor_header_footer","meta":{"footnotes":""},"class_list":["post-497","page","type-page","status-publish","hentry"],"yoast_head":"<!-- This site is optimized with the Yoast SEO plugin v27.3 - https:\/\/yoast.com\/product\/yoast-seo-wordpress\/ -->\n<title>Horse Games - Ride West<\/title>\n<meta name=\"robots\" content=\"index, follow, max-snippet:-1, max-image-preview:large, max-video-preview:-1\" \/>\n<link rel=\"canonical\" href=\"https:\/\/www.ride-west.ch\/fr\/programme\/balade-gourmande\/\" \/>\n<meta property=\"og:locale\" content=\"fr_FR\" \/>\n<meta property=\"og:type\" content=\"article\" \/>\n<meta property=\"og:title\" content=\"Horse Games - Ride West\" \/>\n<meta property=\"og:description\" content=\"Horse Games Une aventure pour l&rsquo;homme et le cheval. Les \u00e9preuves de gymkhana commencent \u00e0 10 heures. Plusieurs manches auront lieu dans diff\u00e9rents groupes. Les enfants sont \u00e9galement les bienvenus pour participer ! Des informations sur l&rsquo;inscription suivront. Cliquez ici pour vous inscrire:\" \/>\n<meta property=\"og:url\" content=\"https:\/\/www.ride-west.ch\/fr\/programme\/balade-gourmande\/\" \/>\n<meta property=\"og:site_name\" content=\"Ride West\" \/>\n<meta property=\"article:publisher\" content=\"https:\/\/www.facebook.com\/ridewestCH\/\" \/>\n<meta property=\"article:modified_time\" content=\"2025-06-08T08:22:25+00:00\" \/>\n<meta property=\"og:image\" content=\"https:\/\/www.ride-west.ch\/wp-content\/uploads\/2022\/11\/Bild-89-1024x684.jpg\" \/>\n\t<meta property=\"og:image:width\" content=\"1024\" \/>\n\t<meta property=\"og:image:height\" content=\"684\" \/>\n\t<meta property=\"og:image:type\" content=\"image\/jpeg\" \/>\n<meta name=\"twitter:card\" content=\"summary_large_image\" \/>\n<meta name=\"twitter:label1\" content=\"Dur\u00e9e de lecture estim\u00e9e\" \/>\n\t<meta name=\"twitter:data1\" content=\"1 minute\" \/>\n<script type=\"application\/ld+json\" class=\"yoast-schema-graph\">{\"@context\":\"https:\\\/\\\/schema.org\",\"@graph\":[{\"@type\":\"WebPage\",\"@id\":\"https:\\\/\\\/www.ride-west.ch\\\/fr\\\/programme\\\/balade-gourmande\\\/\",\"url\":\"https:\\\/\\\/www.ride-west.ch\\\/fr\\\/programme\\\/balade-gourmande\\\/\",\"name\":\"Horse Games - Ride West\",\"isPartOf\":{\"@id\":\"https:\\\/\\\/www.ride-west.ch\\\/fr\\\/#website\"},\"primaryImageOfPage\":{\"@id\":\"https:\\\/\\\/www.ride-west.ch\\\/fr\\\/programme\\\/balade-gourmande\\\/#primaryimage\"},\"image\":{\"@id\":\"https:\\\/\\\/www.ride-west.ch\\\/fr\\\/programme\\\/balade-gourmande\\\/#primaryimage\"},\"thumbnailUrl\":\"https:\\\/\\\/www.ride-west.ch\\\/wp-content\\\/uploads\\\/2022\\\/11\\\/Bild-89-768x513.jpg\",\"datePublished\":\"2020-03-08T15:10:28+00:00\",\"dateModified\":\"2025-06-08T08:22:25+00:00\",\"breadcrumb\":{\"@id\":\"https:\\\/\\\/www.ride-west.ch\\\/fr\\\/programme\\\/balade-gourmande\\\/#breadcrumb\"},\"inLanguage\":\"fr-FR\",\"potentialAction\":[{\"@type\":\"ReadAction\",\"target\":[\"https:\\\/\\\/www.ride-west.ch\\\/fr\\\/programme\\\/balade-gourmande\\\/\"]}]},{\"@type\":\"ImageObject\",\"inLanguage\":\"fr-FR\",\"@id\":\"https:\\\/\\\/www.ride-west.ch\\\/fr\\\/programme\\\/balade-gourmande\\\/#primaryimage\",\"url\":\"https:\\\/\\\/www.ride-west.ch\\\/wp-content\\\/uploads\\\/2022\\\/11\\\/Bild-89-768x513.jpg\",\"contentUrl\":\"https:\\\/\\\/www.ride-west.ch\\\/wp-content\\\/uploads\\\/2022\\\/11\\\/Bild-89-768x513.jpg\"},{\"@type\":\"BreadcrumbList\",\"@id\":\"https:\\\/\\\/www.ride-west.ch\\\/fr\\\/programme\\\/balade-gourmande\\\/#breadcrumb\",\"itemListElement\":[{\"@type\":\"ListItem\",\"position\":1,\"name\":\"Startseite\",\"item\":\"https:\\\/\\\/www.ride-west.ch\\\/fr\\\/\"},{\"@type\":\"ListItem\",\"position\":2,\"name\":\"Programme\",\"item\":\"https:\\\/\\\/www.ride-west.ch\\\/fr\\\/programm\\\/\"},{\"@type\":\"ListItem\",\"position\":3,\"name\":\"Horse Games\"}]},{\"@type\":\"WebSite\",\"@id\":\"https:\\\/\\\/www.ride-west.ch\\\/fr\\\/#website\",\"url\":\"https:\\\/\\\/www.ride-west.ch\\\/fr\\\/\",\"name\":\"Ride West\",\"description\":\"Horses and Country Music, Alterswil\",\"publisher\":{\"@id\":\"https:\\\/\\\/www.ride-west.ch\\\/fr\\\/#organization\"},\"potentialAction\":[{\"@type\":\"SearchAction\",\"target\":{\"@type\":\"EntryPoint\",\"urlTemplate\":\"https:\\\/\\\/www.ride-west.ch\\\/fr\\\/?s={search_term_string}\"},\"query-input\":{\"@type\":\"PropertyValueSpecification\",\"valueRequired\":true,\"valueName\":\"search_term_string\"}}],\"inLanguage\":\"fr-FR\"},{\"@type\":\"Organization\",\"@id\":\"https:\\\/\\\/www.ride-west.ch\\\/fr\\\/#organization\",\"name\":\"Ride West\",\"url\":\"https:\\\/\\\/www.ride-west.ch\\\/fr\\\/\",\"logo\":{\"@type\":\"ImageObject\",\"inLanguage\":\"fr-FR\",\"@id\":\"https:\\\/\\\/www.ride-west.ch\\\/fr\\\/#\\\/schema\\\/logo\\\/image\\\/\",\"url\":\"https:\\\/\\\/www.ride-west.ch\\\/wp-content\\\/uploads\\\/2019\\\/11\\\/logo_RW.png\",\"contentUrl\":\"https:\\\/\\\/www.ride-west.ch\\\/wp-content\\\/uploads\\\/2019\\\/11\\\/logo_RW.png\",\"width\":940,\"height\":364,\"caption\":\"Ride West\"},\"image\":{\"@id\":\"https:\\\/\\\/www.ride-west.ch\\\/fr\\\/#\\\/schema\\\/logo\\\/image\\\/\"},\"sameAs\":[\"https:\\\/\\\/www.facebook.com\\\/ridewestCH\\\/\",\"https:\\\/\\\/www.instagram.com\\\/ridewest_ch\\\/\"]}]}<\/script>\n<!-- \/ Yoast SEO plugin. -->","yoast_head_json":{"title":"Horse Games - Ride West","robots":{"index":"index","follow":"follow","max-snippet":"max-snippet:-1","max-image-preview":"max-image-preview:large","max-video-preview":"max-video-preview:-1"},"canonical":"https:\/\/www.ride-west.ch\/fr\/programme\/balade-gourmande\/","og_locale":"fr_FR","og_type":"article","og_title":"Horse Games - Ride West","og_description":"Horse Games Une aventure pour l&rsquo;homme et le cheval. Les \u00e9preuves de gymkhana commencent \u00e0 10 heures. Plusieurs manches auront lieu dans diff\u00e9rents groupes. Les enfants sont \u00e9galement les bienvenus pour participer ! Des informations sur l&rsquo;inscription suivront. Cliquez ici pour vous inscrire:","og_url":"https:\/\/www.ride-west.ch\/fr\/programme\/balade-gourmande\/","og_site_name":"Ride West","article_publisher":"https:\/\/www.facebook.com\/ridewestCH\/","article_modified_time":"2025-06-08T08:22:25+00:00","og_image":[{"width":1024,"height":684,"url":"https:\/\/www.ride-west.ch\/wp-content\/uploads\/2022\/11\/Bild-89-1024x684.jpg","type":"image\/jpeg"}],"twitter_card":"summary_large_image","twitter_misc":{"Dur\u00e9e de lecture estim\u00e9e":"1 minute"},"schema":{"@context":"https:\/\/schema.org","@graph":[{"@type":"WebPage","@id":"https:\/\/www.ride-west.ch\/fr\/programme\/balade-gourmande\/","url":"https:\/\/www.ride-west.ch\/fr\/programme\/balade-gourmande\/","name":"Horse Games - Ride West","isPartOf":{"@id":"https:\/\/www.ride-west.ch\/fr\/#website"},"primaryImageOfPage":{"@id":"https:\/\/www.ride-west.ch\/fr\/programme\/balade-gourmande\/#primaryimage"},"image":{"@id":"https:\/\/www.ride-west.ch\/fr\/programme\/balade-gourmande\/#primaryimage"},"thumbnailUrl":"https:\/\/www.ride-west.ch\/wp-content\/uploads\/2022\/11\/Bild-89-768x513.jpg","datePublished":"2020-03-08T15:10:28+00:00","dateModified":"2025-06-08T08:22:25+00:00","breadcrumb":{"@id":"https:\/\/www.ride-west.ch\/fr\/programme\/balade-gourmande\/#breadcrumb"},"inLanguage":"fr-FR","potentialAction":[{"@type":"ReadAction","target":["https:\/\/www.ride-west.ch\/fr\/programme\/balade-gourmande\/"]}]},{"@type":"ImageObject","inLanguage":"fr-FR","@id":"https:\/\/www.ride-west.ch\/fr\/programme\/balade-gourmande\/#primaryimage","url":"https:\/\/www.ride-west.ch\/wp-content\/uploads\/2022\/11\/Bild-89-768x513.jpg","contentUrl":"https:\/\/www.ride-west.ch\/wp-content\/uploads\/2022\/11\/Bild-89-768x513.jpg"},{"@type":"BreadcrumbList","@id":"https:\/\/www.ride-west.ch\/fr\/programme\/balade-gourmande\/#breadcrumb","itemListElement":[{"@type":"ListItem","position":1,"name":"Startseite","item":"https:\/\/www.ride-west.ch\/fr\/"},{"@type":"ListItem","position":2,"name":"Programme","item":"https:\/\/www.ride-west.ch\/fr\/programm\/"},{"@type":"ListItem","position":3,"name":"Horse Games"}]},{"@type":"WebSite","@id":"https:\/\/www.ride-west.ch\/fr\/#website","url":"https:\/\/www.ride-west.ch\/fr\/","name":"Ride West","description":"Horses and Country Music, Alterswil","publisher":{"@id":"https:\/\/www.ride-west.ch\/fr\/#organization"},"potentialAction":[{"@type":"SearchAction","target":{"@type":"EntryPoint","urlTemplate":"https:\/\/www.ride-west.ch\/fr\/?s={search_term_string}"},"query-input":{"@type":"PropertyValueSpecification","valueRequired":true,"valueName":"search_term_string"}}],"inLanguage":"fr-FR"},{"@type":"Organization","@id":"https:\/\/www.ride-west.ch\/fr\/#organization","name":"Ride West","url":"https:\/\/www.ride-west.ch\/fr\/","logo":{"@type":"ImageObject","inLanguage":"fr-FR","@id":"https:\/\/www.ride-west.ch\/fr\/#\/schema\/logo\/image\/","url":"https:\/\/www.ride-west.ch\/wp-content\/uploads\/2019\/11\/logo_RW.png","contentUrl":"https:\/\/www.ride-west.ch\/wp-content\/uploads\/2019\/11\/logo_RW.png","width":940,"height":364,"caption":"Ride West"},"image":{"@id":"https:\/\/www.ride-west.ch\/fr\/#\/schema\/logo\/image\/"},"sameAs":["https:\/\/www.facebook.com\/ridewestCH\/","https:\/\/www.instagram.com\/ridewest_ch\/"]}]}},"_links":{"self":[{"href":"https:\/\/www.ride-west.ch\/fr\/wp-json\/wp\/v2\/pages\/497","targetHints":{"allow":["GET"]}}],"collection":[{"href":"https:\/\/www.ride-west.ch\/fr\/wp-json\/wp\/v2\/pages"}],"about":[{"href":"https:\/\/www.ride-west.ch\/fr\/wp-json\/wp\/v2\/types\/page"}],"author":[{"embeddable":true,"href":"https:\/\/www.ride-west.ch\/fr\/wp-json\/wp\/v2\/users\/1"}],"replies":[{"embeddable":true,"href":"https:\/\/www.ride-west.ch\/fr\/wp-json\/wp\/v2\/comments?post=497"}],"version-history":[{"count":15,"href":"https:\/\/www.ride-west.ch\/fr\/wp-json\/wp\/v2\/pages\/497\/revisions"}],"predecessor-version":[{"id":2402,"href":"https:\/\/www.ride-west.ch\/fr\/wp-json\/wp\/v2\/pages\/497\/revisions\/2402"}],"up":[{"embeddable":true,"href":"https:\/\/www.ride-west.ch\/fr\/wp-json\/wp\/v2\/pages\/293"}],"wp:attachment":[{"href":"https:\/\/www.ride-west.ch\/fr\/wp-json\/wp\/v2\/media?parent=497"}],"curies":[{"name":"wp","href":"https:\/\/api.w.org\/{rel}","templated":true}]}}