{"id":509,"date":"2020-03-08T16:18:07","date_gmt":"2020-03-08T15:18:07","guid":{"rendered":"http:https:\/\/www.ride-west.ch\/programme\/tournoi-populaire\/"},"modified":"2020-03-13T12:37:19","modified_gmt":"2020-03-13T11:37:19","slug":"tournoi-populaire","status":"publish","type":"page","link":"https:\/\/www.ride-west.ch\/fr\/programme\/tournoi-populaire\/","title":{"rendered":"Tournoi populaire"},"content":{"rendered":"\t\t<div data-elementor-type=\"wp-page\" data-elementor-id=\"509\" class=\"elementor elementor-509 elementor-74\" data-elementor-post-type=\"page\">\n\t\t\t\t\t\t<section class=\"elementor-section elementor-top-section elementor-element elementor-element-46a14ad elementor-section-boxed elementor-section-height-default elementor-section-height-default\" data-id=\"46a14ad\" data-element_type=\"section\" data-e-type=\"section\">\n\t\t\t\t\t\t<div class=\"elementor-container elementor-column-gap-default\">\n\t\t\t\t\t<div class=\"elementor-column elementor-col-100 elementor-top-column elementor-element elementor-element-da96c64\" data-id=\"da96c64\" data-element_type=\"column\" data-e-type=\"column\">\n\t\t\t<div class=\"elementor-widget-wrap elementor-element-populated\">\n\t\t\t\t\t\t\t<\/div>\n\t\t<\/div>\n\t\t\t\t\t<\/div>\n\t\t<\/section>\n\t\t\t\t<section class=\"elementor-section elementor-top-section elementor-element elementor-element-2c198a1 elementor-section-boxed elementor-section-height-default elementor-section-height-default\" data-id=\"2c198a1\" data-element_type=\"section\" data-e-type=\"section\">\n\t\t\t\t\t\t<div class=\"elementor-container elementor-column-gap-default\">\n\t\t\t\t\t<div class=\"elementor-column elementor-col-50 elementor-top-column elementor-element elementor-element-2470c33\" data-id=\"2470c33\" data-element_type=\"column\" data-e-type=\"column\">\n\t\t\t<div class=\"elementor-widget-wrap elementor-element-populated\">\n\t\t\t\t\t\t<div class=\"elementor-element elementor-element-ffb520c elementor-invisible elementor-widget elementor-widget-image\" data-id=\"ffb520c\" data-element_type=\"widget\" data-e-type=\"widget\" data-settings=\"{&quot;_animation&quot;:&quot;slideInLeft&quot;}\" data-widget_type=\"image.default\">\n\t\t\t\t<div class=\"elementor-widget-container\">\n\t\t\t\t\t\t\t\t\t\t\t\t\t\t\t<img fetchpriority=\"high\" decoding=\"async\" width=\"800\" height=\"620\" src=\"https:\/\/www.ride-west.ch\/wp-content\/uploads\/2019\/11\/horse-1024x793.png\" class=\"attachment-large size-large wp-image-267\" alt=\"\" srcset=\"https:\/\/www.ride-west.ch\/wp-content\/uploads\/2019\/11\/horse-1024x793.png 1024w, https:\/\/www.ride-west.ch\/wp-content\/uploads\/2019\/11\/horse-300x232.png 300w, https:\/\/www.ride-west.ch\/wp-content\/uploads\/2019\/11\/horse-768x595.png 768w, https:\/\/www.ride-west.ch\/wp-content\/uploads\/2019\/11\/horse.png 1496w\" sizes=\"(max-width: 800px) 100vw, 800px\" \/>\t\t\t\t\t\t\t\t\t\t\t\t\t\t\t<\/div>\n\t\t\t\t<\/div>\n\t\t\t\t\t<\/div>\n\t\t<\/div>\n\t\t\t\t<div class=\"elementor-column elementor-col-50 elementor-top-column elementor-element elementor-element-0597fbb\" data-id=\"0597fbb\" data-element_type=\"column\" data-e-type=\"column\">\n\t\t\t<div class=\"elementor-widget-wrap elementor-element-populated\">\n\t\t\t\t\t\t<div class=\"elementor-element elementor-element-b2c1cf3 elementor-widget elementor-widget-text-editor\" data-id=\"b2c1cf3\" data-element_type=\"widget\" data-e-type=\"widget\" data-widget_type=\"text-editor.default\">\n\t\t\t\t<div class=\"elementor-widget-container\">\n\t\t\t\t\t\t\t\t\t<p>Afin de passer un bon moment en attendant les concerts du soir, nous vous proposons une petite comp\u00e9tition populaire \u00e0 faire entre amis et famille.<\/p>\n<p>Vous allez ainsi pouvoir d\u00e9couvrir quelques activit\u00e9s et sports en lieu avec l&rsquo;univers western: lancer du fer \u00e0 cheval, lancer de lasso, tir \u00e0 l&rsquo;arc, etc.<\/p>\n<p>Et bien s\u00fbr, de superbes prix attendent les gagnants !<\/p>\n\t\t\t\t\t\t\t\t<\/div>\n\t\t\t\t<\/div>\n\t\t\t\t\t<\/div>\n\t\t<\/div>\n\t\t\t\t\t<\/div>\n\t\t<\/section>\n\t\t\t\t<\/div>\n\t\t","protected":false},"excerpt":{"rendered":"<p>Afin de passer un bon moment en attendant les concerts du soir, nous vous proposons une petite comp\u00e9tition populaire \u00e0 faire entre amis et famille. Vous allez ainsi pouvoir d\u00e9couvrir quelques activit\u00e9s et sports en lieu avec l&rsquo;univers western: lancer du fer \u00e0 cheval, lancer de lasso, tir \u00e0 l&rsquo;arc, etc. Et bien s\u00fbr, de [&hellip;]<\/p>\n","protected":false},"author":1,"featured_media":0,"parent":293,"menu_order":0,"comment_status":"closed","ping_status":"closed","template":"elementor_header_footer","meta":{"footnotes":""},"class_list":["post-509","page","type-page","status-publish","hentry"],"yoast_head":"<!-- This site is optimized with the Yoast SEO plugin v26.6 - https:\/\/yoast.com\/wordpress\/plugins\/seo\/ -->\n<title>Tournoi populaire - Ride West<\/title>\n<meta name=\"robots\" content=\"index, follow, max-snippet:-1, max-image-preview:large, max-video-preview:-1\" \/>\n<link rel=\"canonical\" href=\"https:\/\/www.ride-west.ch\/fr\/programme\/tournoi-populaire\/\" \/>\n<meta property=\"og:locale\" content=\"fr_FR\" \/>\n<meta property=\"og:type\" content=\"article\" \/>\n<meta property=\"og:title\" content=\"Tournoi populaire - Ride West\" \/>\n<meta property=\"og:description\" content=\"Afin de passer un bon moment en attendant les concerts du soir, nous vous proposons une petite comp\u00e9tition populaire \u00e0 faire entre amis et famille. Vous allez ainsi pouvoir d\u00e9couvrir quelques activit\u00e9s et sports en lieu avec l&rsquo;univers western: lancer du fer \u00e0 cheval, lancer de lasso, tir \u00e0 l&rsquo;arc, etc. Et bien s\u00fbr, de [&hellip;]\" \/>\n<meta property=\"og:url\" content=\"https:\/\/www.ride-west.ch\/fr\/programme\/tournoi-populaire\/\" \/>\n<meta property=\"og:site_name\" content=\"Ride West\" \/>\n<meta property=\"article:publisher\" content=\"https:\/\/www.facebook.com\/ridewestCH\/\" \/>\n<meta property=\"article:modified_time\" content=\"2020-03-13T11:37:19+00:00\" \/>\n<meta property=\"og:image\" content=\"https:\/\/www.ride-west.ch\/wp-content\/uploads\/2019\/11\/horse.png\" \/>\n\t<meta property=\"og:image:width\" content=\"1496\" \/>\n\t<meta property=\"og:image:height\" content=\"1159\" \/>\n\t<meta property=\"og:image:type\" content=\"image\/png\" \/>\n<meta name=\"twitter:card\" content=\"summary_large_image\" \/>\n<script type=\"application\/ld+json\" class=\"yoast-schema-graph\">{\"@context\":\"https:\/\/schema.org\",\"@graph\":[{\"@type\":\"WebPage\",\"@id\":\"https:\/\/www.ride-west.ch\/fr\/programme\/tournoi-populaire\/\",\"url\":\"https:\/\/www.ride-west.ch\/fr\/programme\/tournoi-populaire\/\",\"name\":\"Tournoi populaire - Ride West\",\"isPartOf\":{\"@id\":\"https:\/\/www.ride-west.ch\/fr\/#website\"},\"primaryImageOfPage\":{\"@id\":\"https:\/\/www.ride-west.ch\/fr\/programme\/tournoi-populaire\/#primaryimage\"},\"image\":{\"@id\":\"https:\/\/www.ride-west.ch\/fr\/programme\/tournoi-populaire\/#primaryimage\"},\"thumbnailUrl\":\"https:\/\/www.ride-west.ch\/wp-content\/uploads\/2019\/11\/horse-1024x793.png\",\"datePublished\":\"2020-03-08T15:18:07+00:00\",\"dateModified\":\"2020-03-13T11:37:19+00:00\",\"breadcrumb\":{\"@id\":\"https:\/\/www.ride-west.ch\/fr\/programme\/tournoi-populaire\/#breadcrumb\"},\"inLanguage\":\"fr-FR\",\"potentialAction\":[{\"@type\":\"ReadAction\",\"target\":[\"https:\/\/www.ride-west.ch\/fr\/programme\/tournoi-populaire\/\"]}]},{\"@type\":\"ImageObject\",\"inLanguage\":\"fr-FR\",\"@id\":\"https:\/\/www.ride-west.ch\/fr\/programme\/tournoi-populaire\/#primaryimage\",\"url\":\"https:\/\/www.ride-west.ch\/wp-content\/uploads\/2019\/11\/horse-1024x793.png\",\"contentUrl\":\"https:\/\/www.ride-west.ch\/wp-content\/uploads\/2019\/11\/horse-1024x793.png\"},{\"@type\":\"BreadcrumbList\",\"@id\":\"https:\/\/www.ride-west.ch\/fr\/programme\/tournoi-populaire\/#breadcrumb\",\"itemListElement\":[{\"@type\":\"ListItem\",\"position\":1,\"name\":\"Startseite\",\"item\":\"https:\/\/www.ride-west.ch\/fr\/\"},{\"@type\":\"ListItem\",\"position\":2,\"name\":\"Programme\",\"item\":\"https:\/\/www.ride-west.ch\/fr\/programm\/\"},{\"@type\":\"ListItem\",\"position\":3,\"name\":\"Tournoi populaire\"}]},{\"@type\":\"WebSite\",\"@id\":\"https:\/\/www.ride-west.ch\/fr\/#website\",\"url\":\"https:\/\/www.ride-west.ch\/fr\/\",\"name\":\"Ride West\",\"description\":\"Horses and Country Music, Alterswil\",\"publisher\":{\"@id\":\"https:\/\/www.ride-west.ch\/fr\/#organization\"},\"potentialAction\":[{\"@type\":\"SearchAction\",\"target\":{\"@type\":\"EntryPoint\",\"urlTemplate\":\"https:\/\/www.ride-west.ch\/fr\/?s={search_term_string}\"},\"query-input\":{\"@type\":\"PropertyValueSpecification\",\"valueRequired\":true,\"valueName\":\"search_term_string\"}}],\"inLanguage\":\"fr-FR\"},{\"@type\":\"Organization\",\"@id\":\"https:\/\/www.ride-west.ch\/fr\/#organization\",\"name\":\"Ride West\",\"url\":\"https:\/\/www.ride-west.ch\/fr\/\",\"logo\":{\"@type\":\"ImageObject\",\"inLanguage\":\"fr-FR\",\"@id\":\"https:\/\/www.ride-west.ch\/fr\/#\/schema\/logo\/image\/\",\"url\":\"https:\/\/www.ride-west.ch\/wp-content\/uploads\/2019\/11\/logo_RW.png\",\"contentUrl\":\"https:\/\/www.ride-west.ch\/wp-content\/uploads\/2019\/11\/logo_RW.png\",\"width\":940,\"height\":364,\"caption\":\"Ride West\"},\"image\":{\"@id\":\"https:\/\/www.ride-west.ch\/fr\/#\/schema\/logo\/image\/\"},\"sameAs\":[\"https:\/\/www.facebook.com\/ridewestCH\/\",\"https:\/\/www.instagram.com\/ridewest_ch\/\"]}]}<\/script>\n<!-- \/ Yoast SEO plugin. -->","yoast_head_json":{"title":"Tournoi populaire - Ride West","robots":{"index":"index","follow":"follow","max-snippet":"max-snippet:-1","max-image-preview":"max-image-preview:large","max-video-preview":"max-video-preview:-1"},"canonical":"https:\/\/www.ride-west.ch\/fr\/programme\/tournoi-populaire\/","og_locale":"fr_FR","og_type":"article","og_title":"Tournoi populaire - Ride West","og_description":"Afin de passer un bon moment en attendant les concerts du soir, nous vous proposons une petite comp\u00e9tition populaire \u00e0 faire entre amis et famille. Vous allez ainsi pouvoir d\u00e9couvrir quelques activit\u00e9s et sports en lieu avec l&rsquo;univers western: lancer du fer \u00e0 cheval, lancer de lasso, tir \u00e0 l&rsquo;arc, etc. Et bien s\u00fbr, de [&hellip;]","og_url":"https:\/\/www.ride-west.ch\/fr\/programme\/tournoi-populaire\/","og_site_name":"Ride West","article_publisher":"https:\/\/www.facebook.com\/ridewestCH\/","article_modified_time":"2020-03-13T11:37:19+00:00","og_image":[{"width":1496,"height":1159,"url":"https:\/\/www.ride-west.ch\/wp-content\/uploads\/2019\/11\/horse.png","type":"image\/png"}],"twitter_card":"summary_large_image","schema":{"@context":"https:\/\/schema.org","@graph":[{"@type":"WebPage","@id":"https:\/\/www.ride-west.ch\/fr\/programme\/tournoi-populaire\/","url":"https:\/\/www.ride-west.ch\/fr\/programme\/tournoi-populaire\/","name":"Tournoi populaire - Ride West","isPartOf":{"@id":"https:\/\/www.ride-west.ch\/fr\/#website"},"primaryImageOfPage":{"@id":"https:\/\/www.ride-west.ch\/fr\/programme\/tournoi-populaire\/#primaryimage"},"image":{"@id":"https:\/\/www.ride-west.ch\/fr\/programme\/tournoi-populaire\/#primaryimage"},"thumbnailUrl":"https:\/\/www.ride-west.ch\/wp-content\/uploads\/2019\/11\/horse-1024x793.png","datePublished":"2020-03-08T15:18:07+00:00","dateModified":"2020-03-13T11:37:19+00:00","breadcrumb":{"@id":"https:\/\/www.ride-west.ch\/fr\/programme\/tournoi-populaire\/#breadcrumb"},"inLanguage":"fr-FR","potentialAction":[{"@type":"ReadAction","target":["https:\/\/www.ride-west.ch\/fr\/programme\/tournoi-populaire\/"]}]},{"@type":"ImageObject","inLanguage":"fr-FR","@id":"https:\/\/www.ride-west.ch\/fr\/programme\/tournoi-populaire\/#primaryimage","url":"https:\/\/www.ride-west.ch\/wp-content\/uploads\/2019\/11\/horse-1024x793.png","contentUrl":"https:\/\/www.ride-west.ch\/wp-content\/uploads\/2019\/11\/horse-1024x793.png"},{"@type":"BreadcrumbList","@id":"https:\/\/www.ride-west.ch\/fr\/programme\/tournoi-populaire\/#breadcrumb","itemListElement":[{"@type":"ListItem","position":1,"name":"Startseite","item":"https:\/\/www.ride-west.ch\/fr\/"},{"@type":"ListItem","position":2,"name":"Programme","item":"https:\/\/www.ride-west.ch\/fr\/programm\/"},{"@type":"ListItem","position":3,"name":"Tournoi populaire"}]},{"@type":"WebSite","@id":"https:\/\/www.ride-west.ch\/fr\/#website","url":"https:\/\/www.ride-west.ch\/fr\/","name":"Ride West","description":"Horses and Country Music, Alterswil","publisher":{"@id":"https:\/\/www.ride-west.ch\/fr\/#organization"},"potentialAction":[{"@type":"SearchAction","target":{"@type":"EntryPoint","urlTemplate":"https:\/\/www.ride-west.ch\/fr\/?s={search_term_string}"},"query-input":{"@type":"PropertyValueSpecification","valueRequired":true,"valueName":"search_term_string"}}],"inLanguage":"fr-FR"},{"@type":"Organization","@id":"https:\/\/www.ride-west.ch\/fr\/#organization","name":"Ride West","url":"https:\/\/www.ride-west.ch\/fr\/","logo":{"@type":"ImageObject","inLanguage":"fr-FR","@id":"https:\/\/www.ride-west.ch\/fr\/#\/schema\/logo\/image\/","url":"https:\/\/www.ride-west.ch\/wp-content\/uploads\/2019\/11\/logo_RW.png","contentUrl":"https:\/\/www.ride-west.ch\/wp-content\/uploads\/2019\/11\/logo_RW.png","width":940,"height":364,"caption":"Ride West"},"image":{"@id":"https:\/\/www.ride-west.ch\/fr\/#\/schema\/logo\/image\/"},"sameAs":["https:\/\/www.facebook.com\/ridewestCH\/","https:\/\/www.instagram.com\/ridewest_ch\/"]}]}},"_links":{"self":[{"href":"https:\/\/www.ride-west.ch\/fr\/wp-json\/wp\/v2\/pages\/509","targetHints":{"allow":["GET"]}}],"collection":[{"href":"https:\/\/www.ride-west.ch\/fr\/wp-json\/wp\/v2\/pages"}],"about":[{"href":"https:\/\/www.ride-west.ch\/fr\/wp-json\/wp\/v2\/types\/page"}],"author":[{"embeddable":true,"href":"https:\/\/www.ride-west.ch\/fr\/wp-json\/wp\/v2\/users\/1"}],"replies":[{"embeddable":true,"href":"https:\/\/www.ride-west.ch\/fr\/wp-json\/wp\/v2\/comments?post=509"}],"version-history":[{"count":2,"href":"https:\/\/www.ride-west.ch\/fr\/wp-json\/wp\/v2\/pages\/509\/revisions"}],"predecessor-version":[{"id":651,"href":"https:\/\/www.ride-west.ch\/fr\/wp-json\/wp\/v2\/pages\/509\/revisions\/651"}],"up":[{"embeddable":true,"href":"https:\/\/www.ride-west.ch\/fr\/wp-json\/wp\/v2\/pages\/293"}],"wp:attachment":[{"href":"https:\/\/www.ride-west.ch\/fr\/wp-json\/wp\/v2\/media?parent=509"}],"curies":[{"name":"wp","href":"https:\/\/api.w.org\/{rel}","templated":true}]}}