{"id":854,"date":"2022-07-04T11:13:35","date_gmt":"2022-07-04T09:13:35","guid":{"rendered":"https:\/\/www.ride-west.ch\/programme\/programme-pour-les-enfants\/"},"modified":"2025-05-28T20:04:43","modified_gmt":"2025-05-28T18:04:43","slug":"programme-pour-les-enfants","status":"publish","type":"page","link":"https:\/\/www.ride-west.ch\/fr\/programme\/programme-pour-les-enfants\/","title":{"rendered":"Fun Zone"},"content":{"rendered":"\t\t<div data-elementor-type=\"wp-page\" data-elementor-id=\"854\" class=\"elementor elementor-854 elementor-852\" data-elementor-post-type=\"page\">\n\t\t\t\t\t\t<section class=\"elementor-section elementor-top-section elementor-element elementor-element-50f8bf0c elementor-section-boxed elementor-section-height-default elementor-section-height-default\" data-id=\"50f8bf0c\" data-element_type=\"section\" data-e-type=\"section\">\n\t\t\t\t\t\t<div class=\"elementor-container elementor-column-gap-default\">\n\t\t\t\t\t<div class=\"elementor-column elementor-col-100 elementor-top-column elementor-element elementor-element-317ff00\" data-id=\"317ff00\" data-element_type=\"column\" data-e-type=\"column\">\n\t\t\t<div class=\"elementor-widget-wrap elementor-element-populated\">\n\t\t\t\t\t\t<div class=\"elementor-element elementor-element-60d5994 elementor-widget elementor-widget-heading\" data-id=\"60d5994\" data-element_type=\"widget\" data-e-type=\"widget\" data-widget_type=\"heading.default\">\n\t\t\t\t<div class=\"elementor-widget-container\">\n\t\t\t\t\t<h1 class=\"elementor-heading-title elementor-size-default\">Fun Zone<\/h1>\t\t\t\t<\/div>\n\t\t\t\t<\/div>\n\t\t\t\t<section class=\"elementor-section elementor-inner-section elementor-element elementor-element-69e677b elementor-section-boxed elementor-section-height-default elementor-section-height-default\" data-id=\"69e677b\" data-element_type=\"section\" data-e-type=\"section\">\n\t\t\t\t\t\t<div class=\"elementor-container elementor-column-gap-default\">\n\t\t\t\t\t<div class=\"elementor-column elementor-col-50 elementor-inner-column elementor-element elementor-element-5a61ebb\" data-id=\"5a61ebb\" data-element_type=\"column\" data-e-type=\"column\">\n\t\t\t<div class=\"elementor-widget-wrap elementor-element-populated\">\n\t\t\t\t\t\t<div class=\"elementor-element elementor-element-5a4e8e27 elementor-widget elementor-widget-text-editor\" data-id=\"5a4e8e27\" data-element_type=\"widget\" data-e-type=\"widget\" data-widget_type=\"text-editor.default\">\n\t\t\t\t<div class=\"elementor-widget-container\">\n\t\t\t\t\t\t\t\t\t<p><span style=\"color: #000000;\">Les activit\u00e9s de la Fun Zone commenceront d\u00e8s 9 heures. Divertissement garanti pour petits et grands!<\/span><\/p>\n<p><strong><span style=\"color: #000000;\">JEU ET AMUSEMENT<\/span><\/strong><\/p>\n<ul>\n<li><span style=\"color: #000000;\">Tir \u00e0 l&rsquo;arc<\/span><\/li>\n<li><span style=\"color: #000000;\">Lancer de lasso<\/span><\/li>\n<li><span style=\"color: #000000;\">Bullriding \u00e9lectronique<\/span><\/li>\n<li><span style=\"color: #000000;\">Jeu de cornhole<\/span><\/li>\n<li><span style=\"color: #000000;\">Monter \u00e0 poney<\/span><\/li>\n<li><span style=\"color: #000000;\">Forger<\/span><\/li>\n<\/ul>\n<p><span style=\"color: #000000;\"><strong>DOUX<\/strong><\/span><\/p>\n<ul>\n<li><span style=\"color: #000000;\">Soft Ice<\/span><\/li>\n<li><span style=\"color: #000000;\">Popcorn<\/span><\/li>\n<li><span style=\"color: #000000;\">Barbe \u00e0 papa<\/span><\/li>\n<\/ul>\n\t\t\t\t\t\t\t\t<\/div>\n\t\t\t\t<\/div>\n\t\t\t\t\t<\/div>\n\t\t<\/div>\n\t\t\t\t<div class=\"elementor-column elementor-col-50 elementor-inner-column elementor-element elementor-element-1a1e065\" data-id=\"1a1e065\" data-element_type=\"column\" data-e-type=\"column\">\n\t\t\t<div class=\"elementor-widget-wrap elementor-element-populated\">\n\t\t\t\t\t\t<div class=\"elementor-element elementor-element-17d82d8 elementor-widget elementor-widget-gallery\" data-id=\"17d82d8\" data-element_type=\"widget\" data-e-type=\"widget\" data-settings=\"{&quot;gallery_layout&quot;:&quot;justified&quot;,&quot;lazyload&quot;:&quot;yes&quot;,&quot;ideal_row_height&quot;:{&quot;unit&quot;:&quot;px&quot;,&quot;size&quot;:200,&quot;sizes&quot;:[]},&quot;ideal_row_height_tablet&quot;:{&quot;unit&quot;:&quot;px&quot;,&quot;size&quot;:150,&quot;sizes&quot;:[]},&quot;ideal_row_height_mobile&quot;:{&quot;unit&quot;:&quot;px&quot;,&quot;size&quot;:150,&quot;sizes&quot;:[]},&quot;gap&quot;:{&quot;unit&quot;:&quot;px&quot;,&quot;size&quot;:10,&quot;sizes&quot;:[]},&quot;gap_tablet&quot;:{&quot;unit&quot;:&quot;px&quot;,&quot;size&quot;:10,&quot;sizes&quot;:[]},&quot;gap_mobile&quot;:{&quot;unit&quot;:&quot;px&quot;,&quot;size&quot;:10,&quot;sizes&quot;:[]},&quot;overlay_background&quot;:&quot;yes&quot;,&quot;content_hover_animation&quot;:&quot;fade-in&quot;}\" data-widget_type=\"gallery.default\">\n\t\t\t\t<div class=\"elementor-widget-container\">\n\t\t\t\t\t\t\t<div class=\"elementor-gallery__container\">\n\t\t\t\t\t\t\t<div class=\"e-gallery-item elementor-gallery-item elementor-animated-content\">\n\t\t\t\t\t<div class=\"e-gallery-image elementor-gallery-item__image\" data-thumbnail=\"https:\/\/www.ride-west.ch\/wp-content\/uploads\/2022\/11\/Bild-5-300x200.jpg\" data-width=\"300\" data-height=\"200\" aria-label=\"\" role=\"img\" ><\/div>\n\t\t\t\t\t\t\t\t\t\t\t<div class=\"elementor-gallery-item__overlay\"><\/div>\n\t\t\t\t\t\t\t\t\t\t\t\t\t\t<\/div>\n\t\t\t\t\t\t\t<div class=\"e-gallery-item elementor-gallery-item elementor-animated-content\">\n\t\t\t\t\t<div class=\"e-gallery-image elementor-gallery-item__image\" data-thumbnail=\"https:\/\/www.ride-west.ch\/wp-content\/uploads\/2022\/11\/Bild-57-300x200.jpg\" data-width=\"300\" data-height=\"200\" aria-label=\"\" role=\"img\" ><\/div>\n\t\t\t\t\t\t\t\t\t\t\t<div class=\"elementor-gallery-item__overlay\"><\/div>\n\t\t\t\t\t\t\t\t\t\t\t\t\t\t<\/div>\n\t\t\t\t\t\t\t<div class=\"e-gallery-item elementor-gallery-item elementor-animated-content\">\n\t\t\t\t\t<div class=\"e-gallery-image elementor-gallery-item__image\" data-thumbnail=\"https:\/\/www.ride-west.ch\/wp-content\/uploads\/2022\/07\/WhatsApp-Image-2022-07-04-at-18.56.34-1-225x300.jpeg\" data-width=\"225\" data-height=\"300\" aria-label=\"\" role=\"img\" ><\/div>\n\t\t\t\t\t\t\t\t\t\t\t<div class=\"elementor-gallery-item__overlay\"><\/div>\n\t\t\t\t\t\t\t\t\t\t\t\t\t\t<\/div>\n\t\t\t\t\t\t\t<div class=\"e-gallery-item elementor-gallery-item elementor-animated-content\">\n\t\t\t\t\t<div class=\"e-gallery-image elementor-gallery-item__image\" data-thumbnail=\"https:\/\/www.ride-west.ch\/wp-content\/uploads\/2022\/11\/Bild-7-300x200.jpg\" data-width=\"300\" data-height=\"200\" aria-label=\"\" role=\"img\" ><\/div>\n\t\t\t\t\t\t\t\t\t\t\t<div class=\"elementor-gallery-item__overlay\"><\/div>\n\t\t\t\t\t\t\t\t\t\t\t\t\t\t<\/div>\n\t\t\t\t\t\t\t<div class=\"e-gallery-item elementor-gallery-item elementor-animated-content\">\n\t\t\t\t\t<div class=\"e-gallery-image elementor-gallery-item__image\" data-thumbnail=\"https:\/\/www.ride-west.ch\/wp-content\/uploads\/2022\/11\/Bild-68-200x300.jpg\" data-width=\"200\" data-height=\"300\" aria-label=\"\" role=\"img\" ><\/div>\n\t\t\t\t\t\t\t\t\t\t\t<div class=\"elementor-gallery-item__overlay\"><\/div>\n\t\t\t\t\t\t\t\t\t\t\t\t\t\t<\/div>\n\t\t\t\t\t\t\t<div class=\"e-gallery-item elementor-gallery-item elementor-animated-content\">\n\t\t\t\t\t<div class=\"e-gallery-image elementor-gallery-item__image\" data-thumbnail=\"https:\/\/www.ride-west.ch\/wp-content\/uploads\/2022\/11\/Bild-4-300x200.jpg\" data-width=\"300\" data-height=\"200\" aria-label=\"\" role=\"img\" ><\/div>\n\t\t\t\t\t\t\t\t\t\t\t<div class=\"elementor-gallery-item__overlay\"><\/div>\n\t\t\t\t\t\t\t\t\t\t\t\t\t\t<\/div>\n\t\t\t\t\t<\/div>\n\t\t\t\t\t<\/div>\n\t\t\t\t<\/div>\n\t\t\t\t\t<\/div>\n\t\t<\/div>\n\t\t\t\t\t<\/div>\n\t\t<\/section>\n\t\t\t\t\t<\/div>\n\t\t<\/div>\n\t\t\t\t\t<\/div>\n\t\t<\/section>\n\t\t\t\t<\/div>\n\t\t","protected":false},"excerpt":{"rendered":"<p>Fun Zone Les activit\u00e9s de la Fun Zone commenceront d\u00e8s 9 heures. Divertissement garanti pour petits et grands! JEU ET AMUSEMENT Tir \u00e0 l&rsquo;arc Lancer de lasso Bullriding \u00e9lectronique Jeu de cornhole Monter \u00e0 poney Forger DOUX Soft Ice Popcorn Barbe \u00e0 papa<\/p>\n","protected":false},"author":1,"featured_media":0,"parent":293,"menu_order":0,"comment_status":"closed","ping_status":"closed","template":"elementor_header_footer","meta":{"footnotes":""},"class_list":["post-854","page","type-page","status-publish","hentry"],"yoast_head":"<!-- This site is optimized with the Yoast SEO plugin v27.4 - https:\/\/yoast.com\/product\/yoast-seo-wordpress\/ -->\n<title>Fun Zone - Ride West<\/title>\n<meta name=\"robots\" content=\"index, follow, max-snippet:-1, max-image-preview:large, max-video-preview:-1\" \/>\n<link rel=\"canonical\" href=\"https:\/\/www.ride-west.ch\/fr\/programme\/programme-pour-les-enfants\/\" \/>\n<meta property=\"og:locale\" content=\"fr_FR\" \/>\n<meta property=\"og:type\" content=\"article\" \/>\n<meta property=\"og:title\" content=\"Fun Zone - Ride West\" \/>\n<meta property=\"og:description\" content=\"Fun Zone Les activit\u00e9s de la Fun Zone commenceront d\u00e8s 9 heures. Divertissement garanti pour petits et grands! JEU ET AMUSEMENT Tir \u00e0 l&rsquo;arc Lancer de lasso Bullriding \u00e9lectronique Jeu de cornhole Monter \u00e0 poney Forger DOUX Soft Ice Popcorn Barbe \u00e0 papa\" \/>\n<meta property=\"og:url\" content=\"https:\/\/www.ride-west.ch\/fr\/programme\/programme-pour-les-enfants\/\" \/>\n<meta property=\"og:site_name\" content=\"Ride West\" \/>\n<meta property=\"article:publisher\" content=\"https:\/\/www.facebook.com\/ridewestCH\/\" \/>\n<meta property=\"article:modified_time\" content=\"2025-05-28T18:04:43+00:00\" \/>\n<meta name=\"twitter:card\" content=\"summary_large_image\" \/>\n<meta name=\"twitter:label1\" content=\"Dur\u00e9e de lecture estim\u00e9e\" \/>\n\t<meta name=\"twitter:data1\" content=\"1 minute\" \/>\n<script type=\"application\/ld+json\" class=\"yoast-schema-graph\">{\"@context\":\"https:\\\/\\\/schema.org\",\"@graph\":[{\"@type\":\"WebPage\",\"@id\":\"https:\\\/\\\/www.ride-west.ch\\\/fr\\\/programme\\\/programme-pour-les-enfants\\\/\",\"url\":\"https:\\\/\\\/www.ride-west.ch\\\/fr\\\/programme\\\/programme-pour-les-enfants\\\/\",\"name\":\"Fun Zone - Ride West\",\"isPartOf\":{\"@id\":\"https:\\\/\\\/www.ride-west.ch\\\/fr\\\/#website\"},\"datePublished\":\"2022-07-04T09:13:35+00:00\",\"dateModified\":\"2025-05-28T18:04:43+00:00\",\"breadcrumb\":{\"@id\":\"https:\\\/\\\/www.ride-west.ch\\\/fr\\\/programme\\\/programme-pour-les-enfants\\\/#breadcrumb\"},\"inLanguage\":\"fr-FR\",\"potentialAction\":[{\"@type\":\"ReadAction\",\"target\":[\"https:\\\/\\\/www.ride-west.ch\\\/fr\\\/programme\\\/programme-pour-les-enfants\\\/\"]}]},{\"@type\":\"BreadcrumbList\",\"@id\":\"https:\\\/\\\/www.ride-west.ch\\\/fr\\\/programme\\\/programme-pour-les-enfants\\\/#breadcrumb\",\"itemListElement\":[{\"@type\":\"ListItem\",\"position\":1,\"name\":\"Startseite\",\"item\":\"https:\\\/\\\/www.ride-west.ch\\\/fr\\\/\"},{\"@type\":\"ListItem\",\"position\":2,\"name\":\"Programme\",\"item\":\"https:\\\/\\\/www.ride-west.ch\\\/fr\\\/programm\\\/\"},{\"@type\":\"ListItem\",\"position\":3,\"name\":\"Fun Zone\"}]},{\"@type\":\"WebSite\",\"@id\":\"https:\\\/\\\/www.ride-west.ch\\\/fr\\\/#website\",\"url\":\"https:\\\/\\\/www.ride-west.ch\\\/fr\\\/\",\"name\":\"Ride West\",\"description\":\"Horses and Country Music, Alterswil\",\"publisher\":{\"@id\":\"https:\\\/\\\/www.ride-west.ch\\\/fr\\\/#organization\"},\"potentialAction\":[{\"@type\":\"SearchAction\",\"target\":{\"@type\":\"EntryPoint\",\"urlTemplate\":\"https:\\\/\\\/www.ride-west.ch\\\/fr\\\/?s={search_term_string}\"},\"query-input\":{\"@type\":\"PropertyValueSpecification\",\"valueRequired\":true,\"valueName\":\"search_term_string\"}}],\"inLanguage\":\"fr-FR\"},{\"@type\":\"Organization\",\"@id\":\"https:\\\/\\\/www.ride-west.ch\\\/fr\\\/#organization\",\"name\":\"Ride West\",\"url\":\"https:\\\/\\\/www.ride-west.ch\\\/fr\\\/\",\"logo\":{\"@type\":\"ImageObject\",\"inLanguage\":\"fr-FR\",\"@id\":\"https:\\\/\\\/www.ride-west.ch\\\/fr\\\/#\\\/schema\\\/logo\\\/image\\\/\",\"url\":\"https:\\\/\\\/www.ride-west.ch\\\/wp-content\\\/uploads\\\/2019\\\/11\\\/logo_RW.png\",\"contentUrl\":\"https:\\\/\\\/www.ride-west.ch\\\/wp-content\\\/uploads\\\/2019\\\/11\\\/logo_RW.png\",\"width\":940,\"height\":364,\"caption\":\"Ride West\"},\"image\":{\"@id\":\"https:\\\/\\\/www.ride-west.ch\\\/fr\\\/#\\\/schema\\\/logo\\\/image\\\/\"},\"sameAs\":[\"https:\\\/\\\/www.facebook.com\\\/ridewestCH\\\/\",\"https:\\\/\\\/www.instagram.com\\\/ridewest_ch\\\/\"]}]}<\/script>\n<!-- \/ Yoast SEO plugin. -->","yoast_head_json":{"title":"Fun Zone - Ride West","robots":{"index":"index","follow":"follow","max-snippet":"max-snippet:-1","max-image-preview":"max-image-preview:large","max-video-preview":"max-video-preview:-1"},"canonical":"https:\/\/www.ride-west.ch\/fr\/programme\/programme-pour-les-enfants\/","og_locale":"fr_FR","og_type":"article","og_title":"Fun Zone - Ride West","og_description":"Fun Zone Les activit\u00e9s de la Fun Zone commenceront d\u00e8s 9 heures. Divertissement garanti pour petits et grands! JEU ET AMUSEMENT Tir \u00e0 l&rsquo;arc Lancer de lasso Bullriding \u00e9lectronique Jeu de cornhole Monter \u00e0 poney Forger DOUX Soft Ice Popcorn Barbe \u00e0 papa","og_url":"https:\/\/www.ride-west.ch\/fr\/programme\/programme-pour-les-enfants\/","og_site_name":"Ride West","article_publisher":"https:\/\/www.facebook.com\/ridewestCH\/","article_modified_time":"2025-05-28T18:04:43+00:00","twitter_card":"summary_large_image","twitter_misc":{"Dur\u00e9e de lecture estim\u00e9e":"1 minute"},"schema":{"@context":"https:\/\/schema.org","@graph":[{"@type":"WebPage","@id":"https:\/\/www.ride-west.ch\/fr\/programme\/programme-pour-les-enfants\/","url":"https:\/\/www.ride-west.ch\/fr\/programme\/programme-pour-les-enfants\/","name":"Fun Zone - Ride West","isPartOf":{"@id":"https:\/\/www.ride-west.ch\/fr\/#website"},"datePublished":"2022-07-04T09:13:35+00:00","dateModified":"2025-05-28T18:04:43+00:00","breadcrumb":{"@id":"https:\/\/www.ride-west.ch\/fr\/programme\/programme-pour-les-enfants\/#breadcrumb"},"inLanguage":"fr-FR","potentialAction":[{"@type":"ReadAction","target":["https:\/\/www.ride-west.ch\/fr\/programme\/programme-pour-les-enfants\/"]}]},{"@type":"BreadcrumbList","@id":"https:\/\/www.ride-west.ch\/fr\/programme\/programme-pour-les-enfants\/#breadcrumb","itemListElement":[{"@type":"ListItem","position":1,"name":"Startseite","item":"https:\/\/www.ride-west.ch\/fr\/"},{"@type":"ListItem","position":2,"name":"Programme","item":"https:\/\/www.ride-west.ch\/fr\/programm\/"},{"@type":"ListItem","position":3,"name":"Fun Zone"}]},{"@type":"WebSite","@id":"https:\/\/www.ride-west.ch\/fr\/#website","url":"https:\/\/www.ride-west.ch\/fr\/","name":"Ride West","description":"Horses and Country Music, Alterswil","publisher":{"@id":"https:\/\/www.ride-west.ch\/fr\/#organization"},"potentialAction":[{"@type":"SearchAction","target":{"@type":"EntryPoint","urlTemplate":"https:\/\/www.ride-west.ch\/fr\/?s={search_term_string}"},"query-input":{"@type":"PropertyValueSpecification","valueRequired":true,"valueName":"search_term_string"}}],"inLanguage":"fr-FR"},{"@type":"Organization","@id":"https:\/\/www.ride-west.ch\/fr\/#organization","name":"Ride West","url":"https:\/\/www.ride-west.ch\/fr\/","logo":{"@type":"ImageObject","inLanguage":"fr-FR","@id":"https:\/\/www.ride-west.ch\/fr\/#\/schema\/logo\/image\/","url":"https:\/\/www.ride-west.ch\/wp-content\/uploads\/2019\/11\/logo_RW.png","contentUrl":"https:\/\/www.ride-west.ch\/wp-content\/uploads\/2019\/11\/logo_RW.png","width":940,"height":364,"caption":"Ride West"},"image":{"@id":"https:\/\/www.ride-west.ch\/fr\/#\/schema\/logo\/image\/"},"sameAs":["https:\/\/www.facebook.com\/ridewestCH\/","https:\/\/www.instagram.com\/ridewest_ch\/"]}]}},"_links":{"self":[{"href":"https:\/\/www.ride-west.ch\/fr\/wp-json\/wp\/v2\/pages\/854","targetHints":{"allow":["GET"]}}],"collection":[{"href":"https:\/\/www.ride-west.ch\/fr\/wp-json\/wp\/v2\/pages"}],"about":[{"href":"https:\/\/www.ride-west.ch\/fr\/wp-json\/wp\/v2\/types\/page"}],"author":[{"embeddable":true,"href":"https:\/\/www.ride-west.ch\/fr\/wp-json\/wp\/v2\/users\/1"}],"replies":[{"embeddable":true,"href":"https:\/\/www.ride-west.ch\/fr\/wp-json\/wp\/v2\/comments?post=854"}],"version-history":[{"count":21,"href":"https:\/\/www.ride-west.ch\/fr\/wp-json\/wp\/v2\/pages\/854\/revisions"}],"predecessor-version":[{"id":2348,"href":"https:\/\/www.ride-west.ch\/fr\/wp-json\/wp\/v2\/pages\/854\/revisions\/2348"}],"up":[{"embeddable":true,"href":"https:\/\/www.ride-west.ch\/fr\/wp-json\/wp\/v2\/pages\/293"}],"wp:attachment":[{"href":"https:\/\/www.ride-west.ch\/fr\/wp-json\/wp\/v2\/media?parent=854"}],"curies":[{"name":"wp","href":"https:\/\/api.w.org\/{rel}","templated":true}]}}